{"id":956,"date":"2024-07-16T13:34:25","date_gmt":"2024-07-16T10:34:25","guid":{"rendered":"https:\/\/marvikenmarine.fi\/?post_type=product&#038;p=956"},"modified":"2025-03-12T13:17:28","modified_gmt":"2025-03-12T11:17:28","slug":"micore-58sc","status":"publish","type":"product","link":"https:\/\/marvikenmarine.fi\/fi\/produkt\/micore-58sc\/","title":{"rendered":"Micore 58sc"},"content":{"rendered":"<ul>\n<li>Pituus: 5,70m<\/li>\n<li>Leveys: 2,20m<\/li>\n<li>Paino: 800kg<\/li>\n<li>Moottori: 100-150hv<\/li>\n<\/ul>\n<p>&nbsp;<\/p>\n<p>hinta alk.:<\/p>\n<p>Micore 58sc + Honda 100hv\u00a0 \u00a0 \u00a0 \u00a0 \u00a0 \u00a0 \u00a0 \u00a0 \u00a0 \u00a0 \u00a0 \u00a0 \u00a0 \u00a0 34.290\u20ac<\/p>\n<p>Micore 58sc + Honda 115hv white\u00a0 \u00a0 \u00a0 \u00a0 \u00a0 \u00a0 \u00a0 \u00a0 \u00a0 35.790\u20ac<\/p>\n<p>Micore 58sc + Honda 150hv sporty white\u00a0 \u00a0 \u00a040.990\u20ac<\/p>\n<p>&nbsp;<\/p>\n<p>R design<\/p>\n<p>Micore 58sc + Honda 115hv white\u00a0 \u00a0 \u00a0 \u00a0 \u00a0 \u00a0 \u00a0 \u00a0 \u00a0 37.790\u20ac<\/p>\n<p>Micore 58sc + Honda 150hv sporty white\u00a0 \u00a0 42.990\u20ac<\/p>\n","protected":false},"excerpt":{"rendered":"<p>Koe meriel\u00e4m\u00e4 rohkean ja eritt\u00e4in vakaan Micore 58sc kanssa! Todella hauska vene ajaa, jossa \u00e4lykk\u00e4iden ratkaisujen ja valinnaisten ominaisuuksien avulla voit helposti r\u00e4\u00e4t\u00e4l\u00f6id\u00e4 veneesi. Venemalli on saatavilla my\u00f6s ainutlaatuisella R-design-muotoilulla, joka tekee siit\u00e4 urheilullisen ja katseita ker\u00e4\u00e4v\u00e4n.<\/p>\n","protected":false},"featured_media":939,"template":"","meta":[],"product_brand":[],"product_cat":[51],"product_tag":[],"class_list":{"0":"post-956","1":"product","2":"type-product","3":"status-publish","4":"has-post-thumbnail","6":"product_cat-micore-fi","8":"first","9":"instock","10":"shipping-taxable","11":"purchasable","12":"product-type-simple"},"yoast_head":"<!-- This site is optimized with the Yoast SEO plugin v26.9 - https:\/\/yoast.com\/product\/yoast-seo-wordpress\/ -->\n<title>Micore 58sc - Marviken Marine<\/title>\n<meta name=\"description\" content=\"Koe meriel\u00e4m\u00e4 rohkean ja eritt\u00e4in vakaan Micore 58sckanssa! Todella hauska vene ajaa, jossa \u00e4lykk\u00e4iden ratkaisujen ja valinnaisten ominaisuuksien avulla voit helposti r\u00e4\u00e4t\u00e4l\u00f6id\u00e4 veneesi. Venemalli on saatavilla my\u00f6s ainutlaatuisella R-design-muotoilulla, joka tekee siit\u00e4 urheilullisen ja katseita ker\u00e4\u00e4v\u00e4n.\" \/>\n<meta name=\"robots\" content=\"index, follow, max-snippet:-1, max-image-preview:large, max-video-preview:-1\" \/>\n<link rel=\"canonical\" href=\"https:\/\/marvikenmarine.fi\/fi\/produkt\/micore-58sc\/\" \/>\n<meta property=\"og:locale\" content=\"fi_FI\" \/>\n<meta property=\"og:type\" content=\"article\" \/>\n<meta property=\"og:title\" content=\"Micore 58sc - Marviken Marine\" \/>\n<meta property=\"og:description\" content=\"Koe meriel\u00e4m\u00e4 rohkean ja eritt\u00e4in vakaan Micore 58sckanssa! Todella hauska vene ajaa, jossa \u00e4lykk\u00e4iden ratkaisujen ja valinnaisten ominaisuuksien avulla voit helposti r\u00e4\u00e4t\u00e4l\u00f6id\u00e4 veneesi. Venemalli on saatavilla my\u00f6s ainutlaatuisella R-design-muotoilulla, joka tekee siit\u00e4 urheilullisen ja katseita ker\u00e4\u00e4v\u00e4n.\" \/>\n<meta property=\"og:url\" content=\"https:\/\/marvikenmarine.fi\/fi\/produkt\/micore-58sc\/\" \/>\n<meta property=\"og:site_name\" content=\"Marviken Marine\" \/>\n<meta property=\"article:modified_time\" content=\"2025-03-12T11:17:28+00:00\" \/>\n<meta property=\"og:image\" content=\"https:\/\/marvikenmarine.fi\/wp-content\/uploads\/2024\/07\/MIC-58sc_1-scaled.jpg\" \/>\n\t<meta property=\"og:image:width\" content=\"1937\" \/>\n\t<meta property=\"og:image:height\" content=\"1293\" \/>\n\t<meta property=\"og:image:type\" content=\"image\/jpeg\" \/>\n<meta name=\"twitter:card\" content=\"summary_large_image\" \/>\n<meta name=\"twitter:label1\" content=\"Arvioitu lukuaika\" \/>\n\t<meta name=\"twitter:data1\" content=\"1 minuutti\" \/>\n<script type=\"application\/ld+json\" class=\"yoast-schema-graph\">{\"@context\":\"https:\/\/schema.org\",\"@graph\":[{\"@type\":\"WebPage\",\"@id\":\"https:\/\/marvikenmarine.fi\/fi\/produkt\/micore-58sc\/\",\"url\":\"https:\/\/marvikenmarine.fi\/fi\/produkt\/micore-58sc\/\",\"name\":\"Micore 58sc - Marviken Marine\",\"isPartOf\":{\"@id\":\"https:\/\/marvikenmarine.fi\/fi\/#website\"},\"primaryImageOfPage\":{\"@id\":\"https:\/\/marvikenmarine.fi\/fi\/produkt\/micore-58sc\/#primaryimage\"},\"image\":{\"@id\":\"https:\/\/marvikenmarine.fi\/fi\/produkt\/micore-58sc\/#primaryimage\"},\"thumbnailUrl\":\"https:\/\/marvikenmarine.fi\/wp-content\/uploads\/2024\/07\/MIC-58sc_1-scaled.jpg\",\"datePublished\":\"2024-07-16T10:34:25+00:00\",\"dateModified\":\"2025-03-12T11:17:28+00:00\",\"description\":\"Koe meriel\u00e4m\u00e4 rohkean ja eritt\u00e4in vakaan Micore 58sckanssa! Todella hauska vene ajaa, jossa \u00e4lykk\u00e4iden ratkaisujen ja valinnaisten ominaisuuksien avulla voit helposti r\u00e4\u00e4t\u00e4l\u00f6id\u00e4 veneesi. Venemalli on saatavilla my\u00f6s ainutlaatuisella R-design-muotoilulla, joka tekee siit\u00e4 urheilullisen ja katseita ker\u00e4\u00e4v\u00e4n.\",\"breadcrumb\":{\"@id\":\"https:\/\/marvikenmarine.fi\/fi\/produkt\/micore-58sc\/#breadcrumb\"},\"inLanguage\":\"fi\",\"potentialAction\":[{\"@type\":\"ReadAction\",\"target\":[\"https:\/\/marvikenmarine.fi\/fi\/produkt\/micore-58sc\/\"]}]},{\"@type\":\"ImageObject\",\"inLanguage\":\"fi\",\"@id\":\"https:\/\/marvikenmarine.fi\/fi\/produkt\/micore-58sc\/#primaryimage\",\"url\":\"https:\/\/marvikenmarine.fi\/wp-content\/uploads\/2024\/07\/MIC-58sc_1-scaled.jpg\",\"contentUrl\":\"https:\/\/marvikenmarine.fi\/wp-content\/uploads\/2024\/07\/MIC-58sc_1-scaled.jpg\",\"width\":1937,\"height\":1293},{\"@type\":\"BreadcrumbList\",\"@id\":\"https:\/\/marvikenmarine.fi\/fi\/produkt\/micore-58sc\/#breadcrumb\",\"itemListElement\":[{\"@type\":\"ListItem\",\"position\":1,\"name\":\"Hem\",\"item\":\"https:\/\/marvikenmarine.fi\/fi\/\"},{\"@type\":\"ListItem\",\"position\":2,\"name\":\"Butik\",\"item\":\"https:\/\/marvikenmarine.fi\/butik\/\"},{\"@type\":\"ListItem\",\"position\":3,\"name\":\"Micore 58sc\"}]},{\"@type\":\"WebSite\",\"@id\":\"https:\/\/marvikenmarine.fi\/fi\/#website\",\"url\":\"https:\/\/marvikenmarine.fi\/fi\/\",\"name\":\"Marviken Marine\",\"description\":\"\",\"publisher\":{\"@id\":\"https:\/\/marvikenmarine.fi\/fi\/#organization\"},\"potentialAction\":[{\"@type\":\"SearchAction\",\"target\":{\"@type\":\"EntryPoint\",\"urlTemplate\":\"https:\/\/marvikenmarine.fi\/fi\/?s={search_term_string}\"},\"query-input\":{\"@type\":\"PropertyValueSpecification\",\"valueRequired\":true,\"valueName\":\"search_term_string\"}}],\"inLanguage\":\"fi\"},{\"@type\":\"Organization\",\"@id\":\"https:\/\/marvikenmarine.fi\/fi\/#organization\",\"name\":\"Marviken Marine\",\"url\":\"https:\/\/marvikenmarine.fi\/fi\/\",\"logo\":{\"@type\":\"ImageObject\",\"inLanguage\":\"fi\",\"@id\":\"https:\/\/marvikenmarine.fi\/fi\/#\/schema\/logo\/image\/\",\"url\":\"https:\/\/marvikenmarine.fi\/wp-content\/uploads\/2024\/06\/Logo2.png.png\",\"contentUrl\":\"https:\/\/marvikenmarine.fi\/wp-content\/uploads\/2024\/06\/Logo2.png.png\",\"width\":500,\"height\":500,\"caption\":\"Marviken Marine\"},\"image\":{\"@id\":\"https:\/\/marvikenmarine.fi\/fi\/#\/schema\/logo\/image\/\"}}]}<\/script>\n<!-- \/ Yoast SEO plugin. -->","yoast_head_json":{"title":"Micore 58sc - Marviken Marine","description":"Koe meriel\u00e4m\u00e4 rohkean ja eritt\u00e4in vakaan Micore 58sckanssa! Todella hauska vene ajaa, jossa \u00e4lykk\u00e4iden ratkaisujen ja valinnaisten ominaisuuksien avulla voit helposti r\u00e4\u00e4t\u00e4l\u00f6id\u00e4 veneesi. Venemalli on saatavilla my\u00f6s ainutlaatuisella R-design-muotoilulla, joka tekee siit\u00e4 urheilullisen ja katseita ker\u00e4\u00e4v\u00e4n.","robots":{"index":"index","follow":"follow","max-snippet":"max-snippet:-1","max-image-preview":"max-image-preview:large","max-video-preview":"max-video-preview:-1"},"canonical":"https:\/\/marvikenmarine.fi\/fi\/produkt\/micore-58sc\/","og_locale":"fi_FI","og_type":"article","og_title":"Micore 58sc - Marviken Marine","og_description":"Koe meriel\u00e4m\u00e4 rohkean ja eritt\u00e4in vakaan Micore 58sckanssa! Todella hauska vene ajaa, jossa \u00e4lykk\u00e4iden ratkaisujen ja valinnaisten ominaisuuksien avulla voit helposti r\u00e4\u00e4t\u00e4l\u00f6id\u00e4 veneesi. Venemalli on saatavilla my\u00f6s ainutlaatuisella R-design-muotoilulla, joka tekee siit\u00e4 urheilullisen ja katseita ker\u00e4\u00e4v\u00e4n.","og_url":"https:\/\/marvikenmarine.fi\/fi\/produkt\/micore-58sc\/","og_site_name":"Marviken Marine","article_modified_time":"2025-03-12T11:17:28+00:00","og_image":[{"width":1937,"height":1293,"url":"https:\/\/marvikenmarine.fi\/wp-content\/uploads\/2024\/07\/MIC-58sc_1-scaled.jpg","type":"image\/jpeg"}],"twitter_card":"summary_large_image","twitter_misc":{"Arvioitu lukuaika":"1 minuutti"},"schema":{"@context":"https:\/\/schema.org","@graph":[{"@type":"WebPage","@id":"https:\/\/marvikenmarine.fi\/fi\/produkt\/micore-58sc\/","url":"https:\/\/marvikenmarine.fi\/fi\/produkt\/micore-58sc\/","name":"Micore 58sc - Marviken Marine","isPartOf":{"@id":"https:\/\/marvikenmarine.fi\/fi\/#website"},"primaryImageOfPage":{"@id":"https:\/\/marvikenmarine.fi\/fi\/produkt\/micore-58sc\/#primaryimage"},"image":{"@id":"https:\/\/marvikenmarine.fi\/fi\/produkt\/micore-58sc\/#primaryimage"},"thumbnailUrl":"https:\/\/marvikenmarine.fi\/wp-content\/uploads\/2024\/07\/MIC-58sc_1-scaled.jpg","datePublished":"2024-07-16T10:34:25+00:00","dateModified":"2025-03-12T11:17:28+00:00","description":"Koe meriel\u00e4m\u00e4 rohkean ja eritt\u00e4in vakaan Micore 58sckanssa! Todella hauska vene ajaa, jossa \u00e4lykk\u00e4iden ratkaisujen ja valinnaisten ominaisuuksien avulla voit helposti r\u00e4\u00e4t\u00e4l\u00f6id\u00e4 veneesi. Venemalli on saatavilla my\u00f6s ainutlaatuisella R-design-muotoilulla, joka tekee siit\u00e4 urheilullisen ja katseita ker\u00e4\u00e4v\u00e4n.","breadcrumb":{"@id":"https:\/\/marvikenmarine.fi\/fi\/produkt\/micore-58sc\/#breadcrumb"},"inLanguage":"fi","potentialAction":[{"@type":"ReadAction","target":["https:\/\/marvikenmarine.fi\/fi\/produkt\/micore-58sc\/"]}]},{"@type":"ImageObject","inLanguage":"fi","@id":"https:\/\/marvikenmarine.fi\/fi\/produkt\/micore-58sc\/#primaryimage","url":"https:\/\/marvikenmarine.fi\/wp-content\/uploads\/2024\/07\/MIC-58sc_1-scaled.jpg","contentUrl":"https:\/\/marvikenmarine.fi\/wp-content\/uploads\/2024\/07\/MIC-58sc_1-scaled.jpg","width":1937,"height":1293},{"@type":"BreadcrumbList","@id":"https:\/\/marvikenmarine.fi\/fi\/produkt\/micore-58sc\/#breadcrumb","itemListElement":[{"@type":"ListItem","position":1,"name":"Hem","item":"https:\/\/marvikenmarine.fi\/fi\/"},{"@type":"ListItem","position":2,"name":"Butik","item":"https:\/\/marvikenmarine.fi\/butik\/"},{"@type":"ListItem","position":3,"name":"Micore 58sc"}]},{"@type":"WebSite","@id":"https:\/\/marvikenmarine.fi\/fi\/#website","url":"https:\/\/marvikenmarine.fi\/fi\/","name":"Marviken Marine","description":"","publisher":{"@id":"https:\/\/marvikenmarine.fi\/fi\/#organization"},"potentialAction":[{"@type":"SearchAction","target":{"@type":"EntryPoint","urlTemplate":"https:\/\/marvikenmarine.fi\/fi\/?s={search_term_string}"},"query-input":{"@type":"PropertyValueSpecification","valueRequired":true,"valueName":"search_term_string"}}],"inLanguage":"fi"},{"@type":"Organization","@id":"https:\/\/marvikenmarine.fi\/fi\/#organization","name":"Marviken Marine","url":"https:\/\/marvikenmarine.fi\/fi\/","logo":{"@type":"ImageObject","inLanguage":"fi","@id":"https:\/\/marvikenmarine.fi\/fi\/#\/schema\/logo\/image\/","url":"https:\/\/marvikenmarine.fi\/wp-content\/uploads\/2024\/06\/Logo2.png.png","contentUrl":"https:\/\/marvikenmarine.fi\/wp-content\/uploads\/2024\/06\/Logo2.png.png","width":500,"height":500,"caption":"Marviken Marine"},"image":{"@id":"https:\/\/marvikenmarine.fi\/fi\/#\/schema\/logo\/image\/"}}]}},"_links":{"self":[{"href":"https:\/\/marvikenmarine.fi\/fi\/wp-json\/wp\/v2\/product\/956","targetHints":{"allow":["GET"]}}],"collection":[{"href":"https:\/\/marvikenmarine.fi\/fi\/wp-json\/wp\/v2\/product"}],"about":[{"href":"https:\/\/marvikenmarine.fi\/fi\/wp-json\/wp\/v2\/types\/product"}],"wp:featuredmedia":[{"embeddable":true,"href":"https:\/\/marvikenmarine.fi\/fi\/wp-json\/wp\/v2\/media\/939"}],"wp:attachment":[{"href":"https:\/\/marvikenmarine.fi\/fi\/wp-json\/wp\/v2\/media?parent=956"}],"wp:term":[{"taxonomy":"product_brand","embeddable":true,"href":"https:\/\/marvikenmarine.fi\/fi\/wp-json\/wp\/v2\/product_brand?post=956"},{"taxonomy":"product_cat","embeddable":true,"href":"https:\/\/marvikenmarine.fi\/fi\/wp-json\/wp\/v2\/product_cat?post=956"},{"taxonomy":"product_tag","embeddable":true,"href":"https:\/\/marvikenmarine.fi\/fi\/wp-json\/wp\/v2\/product_tag?post=956"}],"curies":[{"name":"wp","href":"https:\/\/api.w.org\/{rel}","templated":true}]}}