{"id":936,"date":"2024-07-16T12:29:15","date_gmt":"2024-07-16T09:29:15","guid":{"rendered":"https:\/\/marvikenmarine.fi\/?post_type=product&#038;p=936"},"modified":"2025-03-12T13:18:58","modified_gmt":"2025-03-12T11:18:58","slug":"micore-48sc","status":"publish","type":"product","link":"https:\/\/marvikenmarine.fi\/fi\/produkt\/micore-48sc\/","title":{"rendered":"Micore 48sc"},"content":{"rendered":"<ul>\n<li>Pituus: 4,86m<\/li>\n<li>Leveys: 2,04m<\/li>\n<li>Paino: 400kg<\/li>\n<li>Moottori: 50-80hv<\/li>\n<\/ul>\n<p>&nbsp;<\/p>\n<p>Hinta esim. alk.<\/p>\n<p>Micore 48sc + Honda 50Hv 18.390\u20ac<\/p>\n<p>Micore 48sc + Honda 60Hv 19.890\u20ac<\/p>\n<p>Micore 48sc + Honda 80Hv 22.590\u20ac<\/p>\n<p>&nbsp;<\/p>\n","protected":false},"excerpt":{"rendered":"<p>Vene, joka tuntuu suuremmalta kuin se onkaan, kaudelle 2024 olemme tehneet joitakin p\u00e4ivityksi\u00e4 ja alentaneet hintaa luodaksemme todella houkuttelevan veneilypaketin kaikin tavoin! Hyv\u00e4t meriominaisuudet, harkittu muotoilu ja helppo trailerointi ovat veneen vahvuuksia.<\/p>\n","protected":false},"featured_media":918,"template":"","meta":[],"product_brand":[],"product_cat":[51],"product_tag":[],"class_list":{"0":"post-936","1":"product","2":"type-product","3":"status-publish","4":"has-post-thumbnail","6":"product_cat-micore-fi","8":"first","9":"instock","10":"shipping-taxable","11":"purchasable","12":"product-type-simple"},"yoast_head":"<!-- This site is optimized with the Yoast SEO plugin v26.9 - https:\/\/yoast.com\/product\/yoast-seo-wordpress\/ -->\n<title>Micore 48sc - Marviken Marine<\/title>\n<meta name=\"description\" content=\"Vene, joka tuntuu suuremmalta kuin se onkaan, kaudelle 2024 olemme tehneet joitakin p\u00e4ivityksi\u00e4 ja alentaneet hintaa luodaksemme todella houkuttelevan veneilypaketin kaikin tavoin! Hyv\u00e4t meriominaisuudet, harkittu muotoilu ja helppo trailerointi ovat veneen vahvuuksia.\" \/>\n<meta name=\"robots\" content=\"index, follow, max-snippet:-1, max-image-preview:large, max-video-preview:-1\" \/>\n<link rel=\"canonical\" href=\"https:\/\/marvikenmarine.fi\/fi\/produkt\/micore-48sc\/\" \/>\n<meta property=\"og:locale\" content=\"fi_FI\" \/>\n<meta property=\"og:type\" content=\"article\" \/>\n<meta property=\"og:title\" content=\"Micore 48sc - Marviken Marine\" \/>\n<meta property=\"og:description\" content=\"Vene, joka tuntuu suuremmalta kuin se onkaan, kaudelle 2024 olemme tehneet joitakin p\u00e4ivityksi\u00e4 ja alentaneet hintaa luodaksemme todella houkuttelevan veneilypaketin kaikin tavoin! Hyv\u00e4t meriominaisuudet, harkittu muotoilu ja helppo trailerointi ovat veneen vahvuuksia.\" \/>\n<meta property=\"og:url\" content=\"https:\/\/marvikenmarine.fi\/fi\/produkt\/micore-48sc\/\" \/>\n<meta property=\"og:site_name\" content=\"Marviken Marine\" \/>\n<meta property=\"article:modified_time\" content=\"2025-03-12T11:18:58+00:00\" \/>\n<meta property=\"og:image\" content=\"https:\/\/marvikenmarine.fi\/wp-content\/uploads\/2024\/07\/MIC-48sc_18-scaled.jpg\" \/>\n\t<meta property=\"og:image:width\" content=\"1937\" \/>\n\t<meta property=\"og:image:height\" content=\"1293\" \/>\n\t<meta property=\"og:image:type\" content=\"image\/jpeg\" \/>\n<meta name=\"twitter:card\" content=\"summary_large_image\" \/>\n<meta name=\"twitter:label1\" content=\"Arvioitu lukuaika\" \/>\n\t<meta name=\"twitter:data1\" content=\"1 minuutti\" \/>\n<script type=\"application\/ld+json\" class=\"yoast-schema-graph\">{\"@context\":\"https:\/\/schema.org\",\"@graph\":[{\"@type\":\"WebPage\",\"@id\":\"https:\/\/marvikenmarine.fi\/fi\/produkt\/micore-48sc\/\",\"url\":\"https:\/\/marvikenmarine.fi\/fi\/produkt\/micore-48sc\/\",\"name\":\"Micore 48sc - Marviken Marine\",\"isPartOf\":{\"@id\":\"https:\/\/marvikenmarine.fi\/fi\/#website\"},\"primaryImageOfPage\":{\"@id\":\"https:\/\/marvikenmarine.fi\/fi\/produkt\/micore-48sc\/#primaryimage\"},\"image\":{\"@id\":\"https:\/\/marvikenmarine.fi\/fi\/produkt\/micore-48sc\/#primaryimage\"},\"thumbnailUrl\":\"https:\/\/marvikenmarine.fi\/wp-content\/uploads\/2024\/07\/MIC-48sc_18-scaled.jpg\",\"datePublished\":\"2024-07-16T09:29:15+00:00\",\"dateModified\":\"2025-03-12T11:18:58+00:00\",\"description\":\"Vene, joka tuntuu suuremmalta kuin se onkaan, kaudelle 2024 olemme tehneet joitakin p\u00e4ivityksi\u00e4 ja alentaneet hintaa luodaksemme todella houkuttelevan veneilypaketin kaikin tavoin! Hyv\u00e4t meriominaisuudet, harkittu muotoilu ja helppo trailerointi ovat veneen vahvuuksia.\",\"breadcrumb\":{\"@id\":\"https:\/\/marvikenmarine.fi\/fi\/produkt\/micore-48sc\/#breadcrumb\"},\"inLanguage\":\"fi\",\"potentialAction\":[{\"@type\":\"ReadAction\",\"target\":[\"https:\/\/marvikenmarine.fi\/fi\/produkt\/micore-48sc\/\"]}]},{\"@type\":\"ImageObject\",\"inLanguage\":\"fi\",\"@id\":\"https:\/\/marvikenmarine.fi\/fi\/produkt\/micore-48sc\/#primaryimage\",\"url\":\"https:\/\/marvikenmarine.fi\/wp-content\/uploads\/2024\/07\/MIC-48sc_18-scaled.jpg\",\"contentUrl\":\"https:\/\/marvikenmarine.fi\/wp-content\/uploads\/2024\/07\/MIC-48sc_18-scaled.jpg\",\"width\":1937,\"height\":1293},{\"@type\":\"BreadcrumbList\",\"@id\":\"https:\/\/marvikenmarine.fi\/fi\/produkt\/micore-48sc\/#breadcrumb\",\"itemListElement\":[{\"@type\":\"ListItem\",\"position\":1,\"name\":\"Hem\",\"item\":\"https:\/\/marvikenmarine.fi\/fi\/\"},{\"@type\":\"ListItem\",\"position\":2,\"name\":\"Butik\",\"item\":\"https:\/\/marvikenmarine.fi\/butik\/\"},{\"@type\":\"ListItem\",\"position\":3,\"name\":\"Micore 48sc\"}]},{\"@type\":\"WebSite\",\"@id\":\"https:\/\/marvikenmarine.fi\/fi\/#website\",\"url\":\"https:\/\/marvikenmarine.fi\/fi\/\",\"name\":\"Marviken Marine\",\"description\":\"\",\"publisher\":{\"@id\":\"https:\/\/marvikenmarine.fi\/fi\/#organization\"},\"potentialAction\":[{\"@type\":\"SearchAction\",\"target\":{\"@type\":\"EntryPoint\",\"urlTemplate\":\"https:\/\/marvikenmarine.fi\/fi\/?s={search_term_string}\"},\"query-input\":{\"@type\":\"PropertyValueSpecification\",\"valueRequired\":true,\"valueName\":\"search_term_string\"}}],\"inLanguage\":\"fi\"},{\"@type\":\"Organization\",\"@id\":\"https:\/\/marvikenmarine.fi\/fi\/#organization\",\"name\":\"Marviken Marine\",\"url\":\"https:\/\/marvikenmarine.fi\/fi\/\",\"logo\":{\"@type\":\"ImageObject\",\"inLanguage\":\"fi\",\"@id\":\"https:\/\/marvikenmarine.fi\/fi\/#\/schema\/logo\/image\/\",\"url\":\"https:\/\/marvikenmarine.fi\/wp-content\/uploads\/2024\/06\/Logo2.png.png\",\"contentUrl\":\"https:\/\/marvikenmarine.fi\/wp-content\/uploads\/2024\/06\/Logo2.png.png\",\"width\":500,\"height\":500,\"caption\":\"Marviken Marine\"},\"image\":{\"@id\":\"https:\/\/marvikenmarine.fi\/fi\/#\/schema\/logo\/image\/\"}}]}<\/script>\n<!-- \/ Yoast SEO plugin. -->","yoast_head_json":{"title":"Micore 48sc - Marviken Marine","description":"Vene, joka tuntuu suuremmalta kuin se onkaan, kaudelle 2024 olemme tehneet joitakin p\u00e4ivityksi\u00e4 ja alentaneet hintaa luodaksemme todella houkuttelevan veneilypaketin kaikin tavoin! Hyv\u00e4t meriominaisuudet, harkittu muotoilu ja helppo trailerointi ovat veneen vahvuuksia.","robots":{"index":"index","follow":"follow","max-snippet":"max-snippet:-1","max-image-preview":"max-image-preview:large","max-video-preview":"max-video-preview:-1"},"canonical":"https:\/\/marvikenmarine.fi\/fi\/produkt\/micore-48sc\/","og_locale":"fi_FI","og_type":"article","og_title":"Micore 48sc - Marviken Marine","og_description":"Vene, joka tuntuu suuremmalta kuin se onkaan, kaudelle 2024 olemme tehneet joitakin p\u00e4ivityksi\u00e4 ja alentaneet hintaa luodaksemme todella houkuttelevan veneilypaketin kaikin tavoin! Hyv\u00e4t meriominaisuudet, harkittu muotoilu ja helppo trailerointi ovat veneen vahvuuksia.","og_url":"https:\/\/marvikenmarine.fi\/fi\/produkt\/micore-48sc\/","og_site_name":"Marviken Marine","article_modified_time":"2025-03-12T11:18:58+00:00","og_image":[{"width":1937,"height":1293,"url":"https:\/\/marvikenmarine.fi\/wp-content\/uploads\/2024\/07\/MIC-48sc_18-scaled.jpg","type":"image\/jpeg"}],"twitter_card":"summary_large_image","twitter_misc":{"Arvioitu lukuaika":"1 minuutti"},"schema":{"@context":"https:\/\/schema.org","@graph":[{"@type":"WebPage","@id":"https:\/\/marvikenmarine.fi\/fi\/produkt\/micore-48sc\/","url":"https:\/\/marvikenmarine.fi\/fi\/produkt\/micore-48sc\/","name":"Micore 48sc - Marviken Marine","isPartOf":{"@id":"https:\/\/marvikenmarine.fi\/fi\/#website"},"primaryImageOfPage":{"@id":"https:\/\/marvikenmarine.fi\/fi\/produkt\/micore-48sc\/#primaryimage"},"image":{"@id":"https:\/\/marvikenmarine.fi\/fi\/produkt\/micore-48sc\/#primaryimage"},"thumbnailUrl":"https:\/\/marvikenmarine.fi\/wp-content\/uploads\/2024\/07\/MIC-48sc_18-scaled.jpg","datePublished":"2024-07-16T09:29:15+00:00","dateModified":"2025-03-12T11:18:58+00:00","description":"Vene, joka tuntuu suuremmalta kuin se onkaan, kaudelle 2024 olemme tehneet joitakin p\u00e4ivityksi\u00e4 ja alentaneet hintaa luodaksemme todella houkuttelevan veneilypaketin kaikin tavoin! Hyv\u00e4t meriominaisuudet, harkittu muotoilu ja helppo trailerointi ovat veneen vahvuuksia.","breadcrumb":{"@id":"https:\/\/marvikenmarine.fi\/fi\/produkt\/micore-48sc\/#breadcrumb"},"inLanguage":"fi","potentialAction":[{"@type":"ReadAction","target":["https:\/\/marvikenmarine.fi\/fi\/produkt\/micore-48sc\/"]}]},{"@type":"ImageObject","inLanguage":"fi","@id":"https:\/\/marvikenmarine.fi\/fi\/produkt\/micore-48sc\/#primaryimage","url":"https:\/\/marvikenmarine.fi\/wp-content\/uploads\/2024\/07\/MIC-48sc_18-scaled.jpg","contentUrl":"https:\/\/marvikenmarine.fi\/wp-content\/uploads\/2024\/07\/MIC-48sc_18-scaled.jpg","width":1937,"height":1293},{"@type":"BreadcrumbList","@id":"https:\/\/marvikenmarine.fi\/fi\/produkt\/micore-48sc\/#breadcrumb","itemListElement":[{"@type":"ListItem","position":1,"name":"Hem","item":"https:\/\/marvikenmarine.fi\/fi\/"},{"@type":"ListItem","position":2,"name":"Butik","item":"https:\/\/marvikenmarine.fi\/butik\/"},{"@type":"ListItem","position":3,"name":"Micore 48sc"}]},{"@type":"WebSite","@id":"https:\/\/marvikenmarine.fi\/fi\/#website","url":"https:\/\/marvikenmarine.fi\/fi\/","name":"Marviken Marine","description":"","publisher":{"@id":"https:\/\/marvikenmarine.fi\/fi\/#organization"},"potentialAction":[{"@type":"SearchAction","target":{"@type":"EntryPoint","urlTemplate":"https:\/\/marvikenmarine.fi\/fi\/?s={search_term_string}"},"query-input":{"@type":"PropertyValueSpecification","valueRequired":true,"valueName":"search_term_string"}}],"inLanguage":"fi"},{"@type":"Organization","@id":"https:\/\/marvikenmarine.fi\/fi\/#organization","name":"Marviken Marine","url":"https:\/\/marvikenmarine.fi\/fi\/","logo":{"@type":"ImageObject","inLanguage":"fi","@id":"https:\/\/marvikenmarine.fi\/fi\/#\/schema\/logo\/image\/","url":"https:\/\/marvikenmarine.fi\/wp-content\/uploads\/2024\/06\/Logo2.png.png","contentUrl":"https:\/\/marvikenmarine.fi\/wp-content\/uploads\/2024\/06\/Logo2.png.png","width":500,"height":500,"caption":"Marviken Marine"},"image":{"@id":"https:\/\/marvikenmarine.fi\/fi\/#\/schema\/logo\/image\/"}}]}},"_links":{"self":[{"href":"https:\/\/marvikenmarine.fi\/fi\/wp-json\/wp\/v2\/product\/936","targetHints":{"allow":["GET"]}}],"collection":[{"href":"https:\/\/marvikenmarine.fi\/fi\/wp-json\/wp\/v2\/product"}],"about":[{"href":"https:\/\/marvikenmarine.fi\/fi\/wp-json\/wp\/v2\/types\/product"}],"wp:featuredmedia":[{"embeddable":true,"href":"https:\/\/marvikenmarine.fi\/fi\/wp-json\/wp\/v2\/media\/918"}],"wp:attachment":[{"href":"https:\/\/marvikenmarine.fi\/fi\/wp-json\/wp\/v2\/media?parent=936"}],"wp:term":[{"taxonomy":"product_brand","embeddable":true,"href":"https:\/\/marvikenmarine.fi\/fi\/wp-json\/wp\/v2\/product_brand?post=936"},{"taxonomy":"product_cat","embeddable":true,"href":"https:\/\/marvikenmarine.fi\/fi\/wp-json\/wp\/v2\/product_cat?post=936"},{"taxonomy":"product_tag","embeddable":true,"href":"https:\/\/marvikenmarine.fi\/fi\/wp-json\/wp\/v2\/product_tag?post=936"}],"curies":[{"name":"wp","href":"https:\/\/api.w.org\/{rel}","templated":true}]}}