{"id":869,"date":"2024-07-15T13:34:43","date_gmt":"2024-07-15T10:34:43","guid":{"rendered":"https:\/\/marvikenmarine.fi\/?post_type=product&#038;p=869"},"modified":"2025-03-12T13:23:25","modified_gmt":"2025-03-12T11:23:25","slug":"micore-65cc","status":"publish","type":"product","link":"https:\/\/marvikenmarine.fi\/fi\/produkt\/micore-65cc\/","title":{"rendered":"Micore 65cc"},"content":{"rendered":"<ul>\n<li>Pituus: 6,45m<\/li>\n<li>Leveys: 2,4m<\/li>\n<li>Paino: 940kg<\/li>\n<li>Moottori: 115-200hv<\/li>\n<\/ul>\n<p>&nbsp;<\/p>\n<p class=\"remove-all-margins\">Hinta esim alk.<\/p>\n<p class=\"remove-all-margins\">Micore 65CC + Honda 115Hk 40.190\u20ac<\/p>\n<p class=\"remove-all-margins\">Micore 65CC + Honda 150Hk 44.900\u20ac<\/p>\n<p>&nbsp;<\/p>\n<p class=\"remove-all-margins\">R-design<\/p>\n<p class=\"remove-all-margins\">Micore 65CC + Honda 115Hk DBW 42.190\u20ac<\/p>\n<p class=\"remove-all-margins\">Micore 65CC + Honda 150Hk DBW 46.900\u20ac<\/p>\n<p class=\"remove-all-margins\">Micore 65CC + Honda 200Hk DBW 51.900\u20ac<\/p>\n","protected":false},"excerpt":{"rendered":"<p>Koe meriel\u00e4m\u00e4 lippulaivamme 65cc kanssa, joka on upea vene kaikenlaisiin vesitoimintoihin. Siin\u00e4 on helppo nauttia auringosta ja merituulesta veneen liukuessa eteenp\u00e4in. Veneen R-design -malli tekee siit\u00e4 urheilullisen ja katseita ker\u00e4\u00e4v\u00e4n.<\/p>\n","protected":false},"featured_media":848,"template":"","meta":[],"product_brand":[],"product_cat":[51],"product_tag":[],"class_list":{"0":"post-869","1":"product","2":"type-product","3":"status-publish","4":"has-post-thumbnail","6":"product_cat-micore-fi","8":"first","9":"instock","10":"shipping-taxable","11":"purchasable","12":"product-type-simple"},"yoast_head":"<!-- This site is optimized with the Yoast SEO plugin v26.9 - https:\/\/yoast.com\/product\/yoast-seo-wordpress\/ -->\n<title>Micore 65cc - Marviken Marine<\/title>\n<meta name=\"description\" content=\"Koe meriel\u00e4m\u00e4 lippulaivamme 65cc kanssa, joka on upea vene kaikenlaisiin vesitoimintoihin. Siin\u00e4 on helppo nauttia auringosta ja merituulesta veneen liukuessa eteenp\u00e4in. Veneen R-design -malli tekee siit\u00e4 urheilullisen ja katseita ker\u00e4\u00e4v\u00e4n.\" \/>\n<meta name=\"robots\" content=\"index, follow, max-snippet:-1, max-image-preview:large, max-video-preview:-1\" \/>\n<link rel=\"canonical\" href=\"https:\/\/marvikenmarine.fi\/fi\/produkt\/micore-65cc\/\" \/>\n<meta property=\"og:locale\" content=\"fi_FI\" \/>\n<meta property=\"og:type\" content=\"article\" \/>\n<meta property=\"og:title\" content=\"Micore 65cc - Marviken Marine\" \/>\n<meta property=\"og:description\" content=\"Koe meriel\u00e4m\u00e4 lippulaivamme 65cc kanssa, joka on upea vene kaikenlaisiin vesitoimintoihin. Siin\u00e4 on helppo nauttia auringosta ja merituulesta veneen liukuessa eteenp\u00e4in. Veneen R-design -malli tekee siit\u00e4 urheilullisen ja katseita ker\u00e4\u00e4v\u00e4n.\" \/>\n<meta property=\"og:url\" content=\"https:\/\/marvikenmarine.fi\/fi\/produkt\/micore-65cc\/\" \/>\n<meta property=\"og:site_name\" content=\"Marviken Marine\" \/>\n<meta property=\"article:modified_time\" content=\"2025-03-12T11:23:25+00:00\" \/>\n<meta property=\"og:image\" content=\"https:\/\/marvikenmarine.fi\/wp-content\/uploads\/2024\/07\/20240619-FV7A4328-scaled.jpg\" \/>\n\t<meta property=\"og:image:width\" content=\"1937\" \/>\n\t<meta property=\"og:image:height\" content=\"1292\" \/>\n\t<meta property=\"og:image:type\" content=\"image\/jpeg\" \/>\n<meta name=\"twitter:card\" content=\"summary_large_image\" \/>\n<meta name=\"twitter:label1\" content=\"Arvioitu lukuaika\" \/>\n\t<meta name=\"twitter:data1\" content=\"1 minuutti\" \/>\n<script type=\"application\/ld+json\" class=\"yoast-schema-graph\">{\"@context\":\"https:\/\/schema.org\",\"@graph\":[{\"@type\":\"WebPage\",\"@id\":\"https:\/\/marvikenmarine.fi\/fi\/produkt\/micore-65cc\/\",\"url\":\"https:\/\/marvikenmarine.fi\/fi\/produkt\/micore-65cc\/\",\"name\":\"Micore 65cc - Marviken Marine\",\"isPartOf\":{\"@id\":\"https:\/\/marvikenmarine.fi\/fi\/#website\"},\"primaryImageOfPage\":{\"@id\":\"https:\/\/marvikenmarine.fi\/fi\/produkt\/micore-65cc\/#primaryimage\"},\"image\":{\"@id\":\"https:\/\/marvikenmarine.fi\/fi\/produkt\/micore-65cc\/#primaryimage\"},\"thumbnailUrl\":\"https:\/\/marvikenmarine.fi\/wp-content\/uploads\/2024\/07\/20240619-FV7A4328-scaled.jpg\",\"datePublished\":\"2024-07-15T10:34:43+00:00\",\"dateModified\":\"2025-03-12T11:23:25+00:00\",\"description\":\"Koe meriel\u00e4m\u00e4 lippulaivamme 65cc kanssa, joka on upea vene kaikenlaisiin vesitoimintoihin. Siin\u00e4 on helppo nauttia auringosta ja merituulesta veneen liukuessa eteenp\u00e4in. Veneen R-design -malli tekee siit\u00e4 urheilullisen ja katseita ker\u00e4\u00e4v\u00e4n.\",\"breadcrumb\":{\"@id\":\"https:\/\/marvikenmarine.fi\/fi\/produkt\/micore-65cc\/#breadcrumb\"},\"inLanguage\":\"fi\",\"potentialAction\":[{\"@type\":\"ReadAction\",\"target\":[\"https:\/\/marvikenmarine.fi\/fi\/produkt\/micore-65cc\/\"]}]},{\"@type\":\"ImageObject\",\"inLanguage\":\"fi\",\"@id\":\"https:\/\/marvikenmarine.fi\/fi\/produkt\/micore-65cc\/#primaryimage\",\"url\":\"https:\/\/marvikenmarine.fi\/wp-content\/uploads\/2024\/07\/20240619-FV7A4328-scaled.jpg\",\"contentUrl\":\"https:\/\/marvikenmarine.fi\/wp-content\/uploads\/2024\/07\/20240619-FV7A4328-scaled.jpg\",\"width\":1937,\"height\":1292},{\"@type\":\"BreadcrumbList\",\"@id\":\"https:\/\/marvikenmarine.fi\/fi\/produkt\/micore-65cc\/#breadcrumb\",\"itemListElement\":[{\"@type\":\"ListItem\",\"position\":1,\"name\":\"Hem\",\"item\":\"https:\/\/marvikenmarine.fi\/fi\/\"},{\"@type\":\"ListItem\",\"position\":2,\"name\":\"Butik\",\"item\":\"https:\/\/marvikenmarine.fi\/butik\/\"},{\"@type\":\"ListItem\",\"position\":3,\"name\":\"Micore 65cc\"}]},{\"@type\":\"WebSite\",\"@id\":\"https:\/\/marvikenmarine.fi\/fi\/#website\",\"url\":\"https:\/\/marvikenmarine.fi\/fi\/\",\"name\":\"Marviken Marine\",\"description\":\"\",\"publisher\":{\"@id\":\"https:\/\/marvikenmarine.fi\/fi\/#organization\"},\"potentialAction\":[{\"@type\":\"SearchAction\",\"target\":{\"@type\":\"EntryPoint\",\"urlTemplate\":\"https:\/\/marvikenmarine.fi\/fi\/?s={search_term_string}\"},\"query-input\":{\"@type\":\"PropertyValueSpecification\",\"valueRequired\":true,\"valueName\":\"search_term_string\"}}],\"inLanguage\":\"fi\"},{\"@type\":\"Organization\",\"@id\":\"https:\/\/marvikenmarine.fi\/fi\/#organization\",\"name\":\"Marviken Marine\",\"url\":\"https:\/\/marvikenmarine.fi\/fi\/\",\"logo\":{\"@type\":\"ImageObject\",\"inLanguage\":\"fi\",\"@id\":\"https:\/\/marvikenmarine.fi\/fi\/#\/schema\/logo\/image\/\",\"url\":\"https:\/\/marvikenmarine.fi\/wp-content\/uploads\/2024\/06\/Logo2.png.png\",\"contentUrl\":\"https:\/\/marvikenmarine.fi\/wp-content\/uploads\/2024\/06\/Logo2.png.png\",\"width\":500,\"height\":500,\"caption\":\"Marviken Marine\"},\"image\":{\"@id\":\"https:\/\/marvikenmarine.fi\/fi\/#\/schema\/logo\/image\/\"}}]}<\/script>\n<!-- \/ Yoast SEO plugin. -->","yoast_head_json":{"title":"Micore 65cc - Marviken Marine","description":"Koe meriel\u00e4m\u00e4 lippulaivamme 65cc kanssa, joka on upea vene kaikenlaisiin vesitoimintoihin. Siin\u00e4 on helppo nauttia auringosta ja merituulesta veneen liukuessa eteenp\u00e4in. Veneen R-design -malli tekee siit\u00e4 urheilullisen ja katseita ker\u00e4\u00e4v\u00e4n.","robots":{"index":"index","follow":"follow","max-snippet":"max-snippet:-1","max-image-preview":"max-image-preview:large","max-video-preview":"max-video-preview:-1"},"canonical":"https:\/\/marvikenmarine.fi\/fi\/produkt\/micore-65cc\/","og_locale":"fi_FI","og_type":"article","og_title":"Micore 65cc - Marviken Marine","og_description":"Koe meriel\u00e4m\u00e4 lippulaivamme 65cc kanssa, joka on upea vene kaikenlaisiin vesitoimintoihin. Siin\u00e4 on helppo nauttia auringosta ja merituulesta veneen liukuessa eteenp\u00e4in. Veneen R-design -malli tekee siit\u00e4 urheilullisen ja katseita ker\u00e4\u00e4v\u00e4n.","og_url":"https:\/\/marvikenmarine.fi\/fi\/produkt\/micore-65cc\/","og_site_name":"Marviken Marine","article_modified_time":"2025-03-12T11:23:25+00:00","og_image":[{"width":1937,"height":1292,"url":"https:\/\/marvikenmarine.fi\/wp-content\/uploads\/2024\/07\/20240619-FV7A4328-scaled.jpg","type":"image\/jpeg"}],"twitter_card":"summary_large_image","twitter_misc":{"Arvioitu lukuaika":"1 minuutti"},"schema":{"@context":"https:\/\/schema.org","@graph":[{"@type":"WebPage","@id":"https:\/\/marvikenmarine.fi\/fi\/produkt\/micore-65cc\/","url":"https:\/\/marvikenmarine.fi\/fi\/produkt\/micore-65cc\/","name":"Micore 65cc - Marviken Marine","isPartOf":{"@id":"https:\/\/marvikenmarine.fi\/fi\/#website"},"primaryImageOfPage":{"@id":"https:\/\/marvikenmarine.fi\/fi\/produkt\/micore-65cc\/#primaryimage"},"image":{"@id":"https:\/\/marvikenmarine.fi\/fi\/produkt\/micore-65cc\/#primaryimage"},"thumbnailUrl":"https:\/\/marvikenmarine.fi\/wp-content\/uploads\/2024\/07\/20240619-FV7A4328-scaled.jpg","datePublished":"2024-07-15T10:34:43+00:00","dateModified":"2025-03-12T11:23:25+00:00","description":"Koe meriel\u00e4m\u00e4 lippulaivamme 65cc kanssa, joka on upea vene kaikenlaisiin vesitoimintoihin. Siin\u00e4 on helppo nauttia auringosta ja merituulesta veneen liukuessa eteenp\u00e4in. Veneen R-design -malli tekee siit\u00e4 urheilullisen ja katseita ker\u00e4\u00e4v\u00e4n.","breadcrumb":{"@id":"https:\/\/marvikenmarine.fi\/fi\/produkt\/micore-65cc\/#breadcrumb"},"inLanguage":"fi","potentialAction":[{"@type":"ReadAction","target":["https:\/\/marvikenmarine.fi\/fi\/produkt\/micore-65cc\/"]}]},{"@type":"ImageObject","inLanguage":"fi","@id":"https:\/\/marvikenmarine.fi\/fi\/produkt\/micore-65cc\/#primaryimage","url":"https:\/\/marvikenmarine.fi\/wp-content\/uploads\/2024\/07\/20240619-FV7A4328-scaled.jpg","contentUrl":"https:\/\/marvikenmarine.fi\/wp-content\/uploads\/2024\/07\/20240619-FV7A4328-scaled.jpg","width":1937,"height":1292},{"@type":"BreadcrumbList","@id":"https:\/\/marvikenmarine.fi\/fi\/produkt\/micore-65cc\/#breadcrumb","itemListElement":[{"@type":"ListItem","position":1,"name":"Hem","item":"https:\/\/marvikenmarine.fi\/fi\/"},{"@type":"ListItem","position":2,"name":"Butik","item":"https:\/\/marvikenmarine.fi\/butik\/"},{"@type":"ListItem","position":3,"name":"Micore 65cc"}]},{"@type":"WebSite","@id":"https:\/\/marvikenmarine.fi\/fi\/#website","url":"https:\/\/marvikenmarine.fi\/fi\/","name":"Marviken Marine","description":"","publisher":{"@id":"https:\/\/marvikenmarine.fi\/fi\/#organization"},"potentialAction":[{"@type":"SearchAction","target":{"@type":"EntryPoint","urlTemplate":"https:\/\/marvikenmarine.fi\/fi\/?s={search_term_string}"},"query-input":{"@type":"PropertyValueSpecification","valueRequired":true,"valueName":"search_term_string"}}],"inLanguage":"fi"},{"@type":"Organization","@id":"https:\/\/marvikenmarine.fi\/fi\/#organization","name":"Marviken Marine","url":"https:\/\/marvikenmarine.fi\/fi\/","logo":{"@type":"ImageObject","inLanguage":"fi","@id":"https:\/\/marvikenmarine.fi\/fi\/#\/schema\/logo\/image\/","url":"https:\/\/marvikenmarine.fi\/wp-content\/uploads\/2024\/06\/Logo2.png.png","contentUrl":"https:\/\/marvikenmarine.fi\/wp-content\/uploads\/2024\/06\/Logo2.png.png","width":500,"height":500,"caption":"Marviken Marine"},"image":{"@id":"https:\/\/marvikenmarine.fi\/fi\/#\/schema\/logo\/image\/"}}]}},"_links":{"self":[{"href":"https:\/\/marvikenmarine.fi\/fi\/wp-json\/wp\/v2\/product\/869","targetHints":{"allow":["GET"]}}],"collection":[{"href":"https:\/\/marvikenmarine.fi\/fi\/wp-json\/wp\/v2\/product"}],"about":[{"href":"https:\/\/marvikenmarine.fi\/fi\/wp-json\/wp\/v2\/types\/product"}],"wp:featuredmedia":[{"embeddable":true,"href":"https:\/\/marvikenmarine.fi\/fi\/wp-json\/wp\/v2\/media\/848"}],"wp:attachment":[{"href":"https:\/\/marvikenmarine.fi\/fi\/wp-json\/wp\/v2\/media?parent=869"}],"wp:term":[{"taxonomy":"product_brand","embeddable":true,"href":"https:\/\/marvikenmarine.fi\/fi\/wp-json\/wp\/v2\/product_brand?post=869"},{"taxonomy":"product_cat","embeddable":true,"href":"https:\/\/marvikenmarine.fi\/fi\/wp-json\/wp\/v2\/product_cat?post=869"},{"taxonomy":"product_tag","embeddable":true,"href":"https:\/\/marvikenmarine.fi\/fi\/wp-json\/wp\/v2\/product_tag?post=869"}],"curies":[{"name":"wp","href":"https:\/\/api.w.org\/{rel}","templated":true}]}}