{"id":762,"date":"2024-06-20T08:28:19","date_gmt":"2024-06-20T05:28:19","guid":{"rendered":"https:\/\/marvikenmarine.fi\/?post_type=product&#038;p=762"},"modified":"2024-09-03T11:45:01","modified_gmt":"2024-09-03T08:45:01","slug":"landx-x6","status":"publish","type":"product","link":"https:\/\/marvikenmarine.fi\/fi\/produkt\/landx-x6\/","title":{"rendered":"LANDX X6"},"content":{"rendered":"<ul>\n<li>Pituus: 6,3 m<\/li>\n<li>Leveys: 2,36 m<\/li>\n<li>Max hv: 175hv<\/li>\n<li>Paino: 1100 kg<\/li>\n<li>Max henkil\u00f6m\u00e4\u00e4r\u00e4: 6<\/li>\n<li>CE kategoria: C<\/li>\n<\/ul>\n<p>Hinta alkaen: 50.900 \u20ac sis. Alv 25,5%<\/p>\n","protected":false},"excerpt":{"rendered":"<p>Landx X6 on monipuolinen vene. Sit\u00e4 voidaan k\u00e4ytt\u00e4\u00e4 kuljetukseen, kalastukseen, retkille tai erilaisiin ammatillisiin teht\u00e4viin. Hytiss\u00e4 istuu mukavasti 6 henkil\u00f6\u00e4 suojassa s\u00e4\u00e4lt\u00e4 ja tuulelta.<br \/>\nLandx X6 on enemm\u00e4n kuin vain vene. Se on luotettava, kest\u00e4v\u00e4 ja selvi\u00e4\u00e4 my\u00f6s kovemmissa olosuhteissa. Itsetyhjentyv\u00e4 runko antaa sinulle huolettomia p\u00e4ivi\u00e4 vesill\u00e4.<\/p>\n","protected":false},"featured_media":671,"template":"","meta":[],"product_brand":[],"product_cat":[45],"product_tag":[],"class_list":{"0":"post-762","1":"product","2":"type-product","3":"status-publish","4":"has-post-thumbnail","6":"product_cat-landx-fi","8":"first","9":"instock","10":"shipping-taxable","11":"purchasable","12":"product-type-simple"},"yoast_head":"<!-- This site is optimized with the Yoast SEO plugin v26.9 - https:\/\/yoast.com\/product\/yoast-seo-wordpress\/ -->\n<title>LANDX X6 - Marviken Marine<\/title>\n<meta name=\"description\" content=\"Landx X6 on monipuolinen vene. Sit\u00e4 voidaan k\u00e4ytt\u00e4\u00e4 kuljetukseen, kalastukseen, retkille tai erilaisiin ammatillisiin teht\u00e4viin. Hytiss\u00e4 istuu mukavasti 6 henkil\u00f6\u00e4 suojassa s\u00e4\u00e4lt\u00e4 ja tuulelta.Landx X6 on enemm\u00e4n kuin vain vene. Se on luotettava, kest\u00e4v\u00e4 ja selvi\u00e4\u00e4 my\u00f6s kovemmissa olosuhteissa. Itsetyhjentyv\u00e4 runko antaa sinulle huolettomia p\u00e4ivi\u00e4 vesill\u00e4.\" \/>\n<meta name=\"robots\" content=\"index, follow, max-snippet:-1, max-image-preview:large, max-video-preview:-1\" \/>\n<link rel=\"canonical\" href=\"https:\/\/marvikenmarine.fi\/fi\/produkt\/landx-x6\/\" \/>\n<meta property=\"og:locale\" content=\"fi_FI\" \/>\n<meta property=\"og:type\" content=\"article\" \/>\n<meta property=\"og:title\" content=\"LANDX X6 - Marviken Marine\" \/>\n<meta property=\"og:description\" content=\"Landx X6 on monipuolinen vene. Sit\u00e4 voidaan k\u00e4ytt\u00e4\u00e4 kuljetukseen, kalastukseen, retkille tai erilaisiin ammatillisiin teht\u00e4viin. Hytiss\u00e4 istuu mukavasti 6 henkil\u00f6\u00e4 suojassa s\u00e4\u00e4lt\u00e4 ja tuulelta.Landx X6 on enemm\u00e4n kuin vain vene. Se on luotettava, kest\u00e4v\u00e4 ja selvi\u00e4\u00e4 my\u00f6s kovemmissa olosuhteissa. Itsetyhjentyv\u00e4 runko antaa sinulle huolettomia p\u00e4ivi\u00e4 vesill\u00e4.\" \/>\n<meta property=\"og:url\" content=\"https:\/\/marvikenmarine.fi\/fi\/produkt\/landx-x6\/\" \/>\n<meta property=\"og:site_name\" content=\"Marviken Marine\" \/>\n<meta property=\"article:modified_time\" content=\"2024-09-03T08:45:01+00:00\" \/>\n<meta property=\"og:image\" content=\"https:\/\/marvikenmarine.fi\/wp-content\/uploads\/2024\/06\/X6-1.jpg\" \/>\n\t<meta property=\"og:image:width\" content=\"1679\" \/>\n\t<meta property=\"og:image:height\" content=\"1489\" \/>\n\t<meta property=\"og:image:type\" content=\"image\/jpeg\" \/>\n<meta name=\"twitter:card\" content=\"summary_large_image\" \/>\n<meta name=\"twitter:label1\" content=\"Arvioitu lukuaika\" \/>\n\t<meta name=\"twitter:data1\" content=\"1 minuutti\" \/>\n<script type=\"application\/ld+json\" class=\"yoast-schema-graph\">{\"@context\":\"https:\/\/schema.org\",\"@graph\":[{\"@type\":\"WebPage\",\"@id\":\"https:\/\/marvikenmarine.fi\/fi\/produkt\/landx-x6\/\",\"url\":\"https:\/\/marvikenmarine.fi\/fi\/produkt\/landx-x6\/\",\"name\":\"LANDX X6 - Marviken Marine\",\"isPartOf\":{\"@id\":\"https:\/\/marvikenmarine.fi\/fi\/#website\"},\"primaryImageOfPage\":{\"@id\":\"https:\/\/marvikenmarine.fi\/fi\/produkt\/landx-x6\/#primaryimage\"},\"image\":{\"@id\":\"https:\/\/marvikenmarine.fi\/fi\/produkt\/landx-x6\/#primaryimage\"},\"thumbnailUrl\":\"https:\/\/marvikenmarine.fi\/wp-content\/uploads\/2024\/06\/X6-1.jpg\",\"datePublished\":\"2024-06-20T05:28:19+00:00\",\"dateModified\":\"2024-09-03T08:45:01+00:00\",\"description\":\"Landx X6 on monipuolinen vene. Sit\u00e4 voidaan k\u00e4ytt\u00e4\u00e4 kuljetukseen, kalastukseen, retkille tai erilaisiin ammatillisiin teht\u00e4viin. Hytiss\u00e4 istuu mukavasti 6 henkil\u00f6\u00e4 suojassa s\u00e4\u00e4lt\u00e4 ja tuulelta.Landx X6 on enemm\u00e4n kuin vain vene. Se on luotettava, kest\u00e4v\u00e4 ja selvi\u00e4\u00e4 my\u00f6s kovemmissa olosuhteissa. Itsetyhjentyv\u00e4 runko antaa sinulle huolettomia p\u00e4ivi\u00e4 vesill\u00e4.\",\"breadcrumb\":{\"@id\":\"https:\/\/marvikenmarine.fi\/fi\/produkt\/landx-x6\/#breadcrumb\"},\"inLanguage\":\"fi\",\"potentialAction\":[{\"@type\":\"ReadAction\",\"target\":[\"https:\/\/marvikenmarine.fi\/fi\/produkt\/landx-x6\/\"]}]},{\"@type\":\"ImageObject\",\"inLanguage\":\"fi\",\"@id\":\"https:\/\/marvikenmarine.fi\/fi\/produkt\/landx-x6\/#primaryimage\",\"url\":\"https:\/\/marvikenmarine.fi\/wp-content\/uploads\/2024\/06\/X6-1.jpg\",\"contentUrl\":\"https:\/\/marvikenmarine.fi\/wp-content\/uploads\/2024\/06\/X6-1.jpg\",\"width\":1679,\"height\":1489},{\"@type\":\"BreadcrumbList\",\"@id\":\"https:\/\/marvikenmarine.fi\/fi\/produkt\/landx-x6\/#breadcrumb\",\"itemListElement\":[{\"@type\":\"ListItem\",\"position\":1,\"name\":\"Hem\",\"item\":\"https:\/\/marvikenmarine.fi\/fi\/\"},{\"@type\":\"ListItem\",\"position\":2,\"name\":\"Butik\",\"item\":\"https:\/\/marvikenmarine.fi\/butik\/\"},{\"@type\":\"ListItem\",\"position\":3,\"name\":\"LANDX X6\"}]},{\"@type\":\"WebSite\",\"@id\":\"https:\/\/marvikenmarine.fi\/fi\/#website\",\"url\":\"https:\/\/marvikenmarine.fi\/fi\/\",\"name\":\"Marviken Marine\",\"description\":\"\",\"publisher\":{\"@id\":\"https:\/\/marvikenmarine.fi\/fi\/#organization\"},\"potentialAction\":[{\"@type\":\"SearchAction\",\"target\":{\"@type\":\"EntryPoint\",\"urlTemplate\":\"https:\/\/marvikenmarine.fi\/fi\/?s={search_term_string}\"},\"query-input\":{\"@type\":\"PropertyValueSpecification\",\"valueRequired\":true,\"valueName\":\"search_term_string\"}}],\"inLanguage\":\"fi\"},{\"@type\":\"Organization\",\"@id\":\"https:\/\/marvikenmarine.fi\/fi\/#organization\",\"name\":\"Marviken Marine\",\"url\":\"https:\/\/marvikenmarine.fi\/fi\/\",\"logo\":{\"@type\":\"ImageObject\",\"inLanguage\":\"fi\",\"@id\":\"https:\/\/marvikenmarine.fi\/fi\/#\/schema\/logo\/image\/\",\"url\":\"https:\/\/marvikenmarine.fi\/wp-content\/uploads\/2024\/06\/Logo2.png.png\",\"contentUrl\":\"https:\/\/marvikenmarine.fi\/wp-content\/uploads\/2024\/06\/Logo2.png.png\",\"width\":500,\"height\":500,\"caption\":\"Marviken Marine\"},\"image\":{\"@id\":\"https:\/\/marvikenmarine.fi\/fi\/#\/schema\/logo\/image\/\"}}]}<\/script>\n<!-- \/ Yoast SEO plugin. -->","yoast_head_json":{"title":"LANDX X6 - Marviken Marine","description":"Landx X6 on monipuolinen vene. Sit\u00e4 voidaan k\u00e4ytt\u00e4\u00e4 kuljetukseen, kalastukseen, retkille tai erilaisiin ammatillisiin teht\u00e4viin. Hytiss\u00e4 istuu mukavasti 6 henkil\u00f6\u00e4 suojassa s\u00e4\u00e4lt\u00e4 ja tuulelta.Landx X6 on enemm\u00e4n kuin vain vene. Se on luotettava, kest\u00e4v\u00e4 ja selvi\u00e4\u00e4 my\u00f6s kovemmissa olosuhteissa. Itsetyhjentyv\u00e4 runko antaa sinulle huolettomia p\u00e4ivi\u00e4 vesill\u00e4.","robots":{"index":"index","follow":"follow","max-snippet":"max-snippet:-1","max-image-preview":"max-image-preview:large","max-video-preview":"max-video-preview:-1"},"canonical":"https:\/\/marvikenmarine.fi\/fi\/produkt\/landx-x6\/","og_locale":"fi_FI","og_type":"article","og_title":"LANDX X6 - Marviken Marine","og_description":"Landx X6 on monipuolinen vene. Sit\u00e4 voidaan k\u00e4ytt\u00e4\u00e4 kuljetukseen, kalastukseen, retkille tai erilaisiin ammatillisiin teht\u00e4viin. Hytiss\u00e4 istuu mukavasti 6 henkil\u00f6\u00e4 suojassa s\u00e4\u00e4lt\u00e4 ja tuulelta.Landx X6 on enemm\u00e4n kuin vain vene. Se on luotettava, kest\u00e4v\u00e4 ja selvi\u00e4\u00e4 my\u00f6s kovemmissa olosuhteissa. Itsetyhjentyv\u00e4 runko antaa sinulle huolettomia p\u00e4ivi\u00e4 vesill\u00e4.","og_url":"https:\/\/marvikenmarine.fi\/fi\/produkt\/landx-x6\/","og_site_name":"Marviken Marine","article_modified_time":"2024-09-03T08:45:01+00:00","og_image":[{"width":1679,"height":1489,"url":"https:\/\/marvikenmarine.fi\/wp-content\/uploads\/2024\/06\/X6-1.jpg","type":"image\/jpeg"}],"twitter_card":"summary_large_image","twitter_misc":{"Arvioitu lukuaika":"1 minuutti"},"schema":{"@context":"https:\/\/schema.org","@graph":[{"@type":"WebPage","@id":"https:\/\/marvikenmarine.fi\/fi\/produkt\/landx-x6\/","url":"https:\/\/marvikenmarine.fi\/fi\/produkt\/landx-x6\/","name":"LANDX X6 - Marviken Marine","isPartOf":{"@id":"https:\/\/marvikenmarine.fi\/fi\/#website"},"primaryImageOfPage":{"@id":"https:\/\/marvikenmarine.fi\/fi\/produkt\/landx-x6\/#primaryimage"},"image":{"@id":"https:\/\/marvikenmarine.fi\/fi\/produkt\/landx-x6\/#primaryimage"},"thumbnailUrl":"https:\/\/marvikenmarine.fi\/wp-content\/uploads\/2024\/06\/X6-1.jpg","datePublished":"2024-06-20T05:28:19+00:00","dateModified":"2024-09-03T08:45:01+00:00","description":"Landx X6 on monipuolinen vene. Sit\u00e4 voidaan k\u00e4ytt\u00e4\u00e4 kuljetukseen, kalastukseen, retkille tai erilaisiin ammatillisiin teht\u00e4viin. Hytiss\u00e4 istuu mukavasti 6 henkil\u00f6\u00e4 suojassa s\u00e4\u00e4lt\u00e4 ja tuulelta.Landx X6 on enemm\u00e4n kuin vain vene. Se on luotettava, kest\u00e4v\u00e4 ja selvi\u00e4\u00e4 my\u00f6s kovemmissa olosuhteissa. Itsetyhjentyv\u00e4 runko antaa sinulle huolettomia p\u00e4ivi\u00e4 vesill\u00e4.","breadcrumb":{"@id":"https:\/\/marvikenmarine.fi\/fi\/produkt\/landx-x6\/#breadcrumb"},"inLanguage":"fi","potentialAction":[{"@type":"ReadAction","target":["https:\/\/marvikenmarine.fi\/fi\/produkt\/landx-x6\/"]}]},{"@type":"ImageObject","inLanguage":"fi","@id":"https:\/\/marvikenmarine.fi\/fi\/produkt\/landx-x6\/#primaryimage","url":"https:\/\/marvikenmarine.fi\/wp-content\/uploads\/2024\/06\/X6-1.jpg","contentUrl":"https:\/\/marvikenmarine.fi\/wp-content\/uploads\/2024\/06\/X6-1.jpg","width":1679,"height":1489},{"@type":"BreadcrumbList","@id":"https:\/\/marvikenmarine.fi\/fi\/produkt\/landx-x6\/#breadcrumb","itemListElement":[{"@type":"ListItem","position":1,"name":"Hem","item":"https:\/\/marvikenmarine.fi\/fi\/"},{"@type":"ListItem","position":2,"name":"Butik","item":"https:\/\/marvikenmarine.fi\/butik\/"},{"@type":"ListItem","position":3,"name":"LANDX X6"}]},{"@type":"WebSite","@id":"https:\/\/marvikenmarine.fi\/fi\/#website","url":"https:\/\/marvikenmarine.fi\/fi\/","name":"Marviken Marine","description":"","publisher":{"@id":"https:\/\/marvikenmarine.fi\/fi\/#organization"},"potentialAction":[{"@type":"SearchAction","target":{"@type":"EntryPoint","urlTemplate":"https:\/\/marvikenmarine.fi\/fi\/?s={search_term_string}"},"query-input":{"@type":"PropertyValueSpecification","valueRequired":true,"valueName":"search_term_string"}}],"inLanguage":"fi"},{"@type":"Organization","@id":"https:\/\/marvikenmarine.fi\/fi\/#organization","name":"Marviken Marine","url":"https:\/\/marvikenmarine.fi\/fi\/","logo":{"@type":"ImageObject","inLanguage":"fi","@id":"https:\/\/marvikenmarine.fi\/fi\/#\/schema\/logo\/image\/","url":"https:\/\/marvikenmarine.fi\/wp-content\/uploads\/2024\/06\/Logo2.png.png","contentUrl":"https:\/\/marvikenmarine.fi\/wp-content\/uploads\/2024\/06\/Logo2.png.png","width":500,"height":500,"caption":"Marviken Marine"},"image":{"@id":"https:\/\/marvikenmarine.fi\/fi\/#\/schema\/logo\/image\/"}}]}},"_links":{"self":[{"href":"https:\/\/marvikenmarine.fi\/fi\/wp-json\/wp\/v2\/product\/762","targetHints":{"allow":["GET"]}}],"collection":[{"href":"https:\/\/marvikenmarine.fi\/fi\/wp-json\/wp\/v2\/product"}],"about":[{"href":"https:\/\/marvikenmarine.fi\/fi\/wp-json\/wp\/v2\/types\/product"}],"wp:featuredmedia":[{"embeddable":true,"href":"https:\/\/marvikenmarine.fi\/fi\/wp-json\/wp\/v2\/media\/671"}],"wp:attachment":[{"href":"https:\/\/marvikenmarine.fi\/fi\/wp-json\/wp\/v2\/media?parent=762"}],"wp:term":[{"taxonomy":"product_brand","embeddable":true,"href":"https:\/\/marvikenmarine.fi\/fi\/wp-json\/wp\/v2\/product_brand?post=762"},{"taxonomy":"product_cat","embeddable":true,"href":"https:\/\/marvikenmarine.fi\/fi\/wp-json\/wp\/v2\/product_cat?post=762"},{"taxonomy":"product_tag","embeddable":true,"href":"https:\/\/marvikenmarine.fi\/fi\/wp-json\/wp\/v2\/product_tag?post=762"}],"curies":[{"name":"wp","href":"https:\/\/api.w.org\/{rel}","templated":true}]}}