{"id":1996,"date":"2026-05-12T19:37:28","date_gmt":"2026-05-12T16:37:28","guid":{"rendered":"https:\/\/marvikenmarine.fi\/?post_type=product&#038;p=1996"},"modified":"2026-05-12T19:41:24","modified_gmt":"2026-05-12T16:41:24","slug":"taydellinen-venetelakka-5-125-m","status":"publish","type":"product","link":"https:\/\/marvikenmarine.fi\/fi\/produkt\/taydellinen-venetelakka-5-125-m\/","title":{"rendered":"T\u00e4ydellinen venetelakka 5\u201312,5 m"},"content":{"rendered":"<p data-start=\"29\" data-end=\"43\">Mukana:<\/p>\n<ul data-start=\"44\" data-end=\"187\">\n<li data-section-id=\"1qsnnxc\" data-start=\"44\" data-end=\"116\">S\u00e4\u00e4dett\u00e4v\u00e4 venetelakan osio 2,5 m \u2013 M\u00e4\u00e4r\u00e4 riippuu valitusta pituudesta<\/li>\n<li data-section-id=\"5c0mer\" data-start=\"117\" data-end=\"148\">1 kpl Veneenlaskutelineen vinssitolppa vinssill\u00e4<\/li>\n<li data-section-id=\"p5i9sq\" data-start=\"149\" data-end=\"187\">1 kpl Veneenlaskutelineen nousuosa<\/li>\n<li data-section-id=\"p5i9sq\" data-start=\"149\" data-end=\"187\">Ruuvit ja kiinnikkeet<\/li>\n<\/ul>\n<p>Priser:<\/p>\n<ul>\n<li>5m \u2013 897\u20ac<\/li>\n<li>7,5m \u2013 1159\u20ac<\/li>\n<li>10m \u2013 1421\u20ac<\/li>\n<li>12,5m &#8211; 1683\u20ac<\/li>\n<\/ul>\n<p>&nbsp;<\/p>\n<p>&nbsp;<\/p>\n<p>*Tilaustuote. Toimitus n. 7p\u00e4iv\u00e4\u00e4.<\/p>\n<p>&nbsp;<\/p>\n","protected":false},"excerpt":{"rendered":"<p>S\u00e4\u00e4dett\u00e4v\u00e4 HDPE-venetelakka, jonka leveytt\u00e4 ja pituutta voidaan mukauttaa eri venetyypeille ja runkomuodoille sopivaksi. Venetelakka soveltuu enint\u00e4\u00e4n 500 kg painaville veneille.<\/p>\n","protected":false},"featured_media":1991,"template":"","meta":[],"product_brand":[],"product_cat":[55],"product_tag":[],"class_list":{"0":"post-1996","1":"product","2":"type-product","3":"status-publish","4":"has-post-thumbnail","6":"product_cat-tarvikkeet","8":"first","9":"instock","10":"shipping-taxable","11":"purchasable","12":"product-type-simple"},"yoast_head":"<!-- This site is optimized with the Yoast SEO plugin v26.9 - https:\/\/yoast.com\/product\/yoast-seo-wordpress\/ -->\n<title>T\u00e4ydellinen venetelakka 5\u201312,5 m - Marviken Marine<\/title>\n<meta name=\"robots\" content=\"index, follow, max-snippet:-1, max-image-preview:large, max-video-preview:-1\" \/>\n<link rel=\"canonical\" href=\"https:\/\/marvikenmarine.fi\/fi\/produkt\/taydellinen-venetelakka-5-125-m\/\" \/>\n<meta property=\"og:locale\" content=\"fi_FI\" \/>\n<meta property=\"og:type\" content=\"article\" \/>\n<meta property=\"og:title\" content=\"T\u00e4ydellinen venetelakka 5\u201312,5 m - Marviken Marine\" \/>\n<meta property=\"og:description\" content=\"S\u00e4\u00e4dett\u00e4v\u00e4 HDPE-venetelakka, jonka leveytt\u00e4 ja pituutta voidaan mukauttaa eri venetyypeille ja runkomuodoille sopivaksi. Venetelakka soveltuu enint\u00e4\u00e4n 500 kg painaville veneille.\" \/>\n<meta property=\"og:url\" content=\"https:\/\/marvikenmarine.fi\/fi\/produkt\/taydellinen-venetelakka-5-125-m\/\" \/>\n<meta property=\"og:site_name\" content=\"Marviken Marine\" \/>\n<meta property=\"article:modified_time\" content=\"2026-05-12T16:41:24+00:00\" \/>\n<meta property=\"og:image\" content=\"https:\/\/marvikenmarine.fi\/wp-content\/uploads\/2026\/05\/Venetelakka--scaled.jpg\" \/>\n\t<meta property=\"og:image:width\" content=\"1937\" \/>\n\t<meta property=\"og:image:height\" content=\"1453\" \/>\n\t<meta property=\"og:image:type\" content=\"image\/jpeg\" \/>\n<meta name=\"twitter:card\" content=\"summary_large_image\" \/>\n<script type=\"application\/ld+json\" class=\"yoast-schema-graph\">{\"@context\":\"https:\/\/schema.org\",\"@graph\":[{\"@type\":\"WebPage\",\"@id\":\"https:\/\/marvikenmarine.fi\/fi\/produkt\/taydellinen-venetelakka-5-125-m\/\",\"url\":\"https:\/\/marvikenmarine.fi\/fi\/produkt\/taydellinen-venetelakka-5-125-m\/\",\"name\":\"T\u00e4ydellinen venetelakka 5\u201312,5 m - Marviken Marine\",\"isPartOf\":{\"@id\":\"https:\/\/marvikenmarine.fi\/fi\/#website\"},\"primaryImageOfPage\":{\"@id\":\"https:\/\/marvikenmarine.fi\/fi\/produkt\/taydellinen-venetelakka-5-125-m\/#primaryimage\"},\"image\":{\"@id\":\"https:\/\/marvikenmarine.fi\/fi\/produkt\/taydellinen-venetelakka-5-125-m\/#primaryimage\"},\"thumbnailUrl\":\"https:\/\/marvikenmarine.fi\/wp-content\/uploads\/2026\/05\/Venetelakka--scaled.jpg\",\"datePublished\":\"2026-05-12T16:37:28+00:00\",\"dateModified\":\"2026-05-12T16:41:24+00:00\",\"breadcrumb\":{\"@id\":\"https:\/\/marvikenmarine.fi\/fi\/produkt\/taydellinen-venetelakka-5-125-m\/#breadcrumb\"},\"inLanguage\":\"fi\",\"potentialAction\":[{\"@type\":\"ReadAction\",\"target\":[\"https:\/\/marvikenmarine.fi\/fi\/produkt\/taydellinen-venetelakka-5-125-m\/\"]}]},{\"@type\":\"ImageObject\",\"inLanguage\":\"fi\",\"@id\":\"https:\/\/marvikenmarine.fi\/fi\/produkt\/taydellinen-venetelakka-5-125-m\/#primaryimage\",\"url\":\"https:\/\/marvikenmarine.fi\/wp-content\/uploads\/2026\/05\/Venetelakka--scaled.jpg\",\"contentUrl\":\"https:\/\/marvikenmarine.fi\/wp-content\/uploads\/2026\/05\/Venetelakka--scaled.jpg\",\"width\":1937,\"height\":1453},{\"@type\":\"BreadcrumbList\",\"@id\":\"https:\/\/marvikenmarine.fi\/fi\/produkt\/taydellinen-venetelakka-5-125-m\/#breadcrumb\",\"itemListElement\":[{\"@type\":\"ListItem\",\"position\":1,\"name\":\"Hem\",\"item\":\"https:\/\/marvikenmarine.fi\/fi\/\"},{\"@type\":\"ListItem\",\"position\":2,\"name\":\"Butik\",\"item\":\"https:\/\/marvikenmarine.fi\/butik\/\"},{\"@type\":\"ListItem\",\"position\":3,\"name\":\"T\u00e4ydellinen venetelakka 5\u201312,5 m\"}]},{\"@type\":\"WebSite\",\"@id\":\"https:\/\/marvikenmarine.fi\/fi\/#website\",\"url\":\"https:\/\/marvikenmarine.fi\/fi\/\",\"name\":\"Marviken Marine\",\"description\":\"\",\"publisher\":{\"@id\":\"https:\/\/marvikenmarine.fi\/fi\/#organization\"},\"potentialAction\":[{\"@type\":\"SearchAction\",\"target\":{\"@type\":\"EntryPoint\",\"urlTemplate\":\"https:\/\/marvikenmarine.fi\/fi\/?s={search_term_string}\"},\"query-input\":{\"@type\":\"PropertyValueSpecification\",\"valueRequired\":true,\"valueName\":\"search_term_string\"}}],\"inLanguage\":\"fi\"},{\"@type\":\"Organization\",\"@id\":\"https:\/\/marvikenmarine.fi\/fi\/#organization\",\"name\":\"Marviken Marine\",\"url\":\"https:\/\/marvikenmarine.fi\/fi\/\",\"logo\":{\"@type\":\"ImageObject\",\"inLanguage\":\"fi\",\"@id\":\"https:\/\/marvikenmarine.fi\/fi\/#\/schema\/logo\/image\/\",\"url\":\"https:\/\/marvikenmarine.fi\/wp-content\/uploads\/2024\/06\/Logo2.png.png\",\"contentUrl\":\"https:\/\/marvikenmarine.fi\/wp-content\/uploads\/2024\/06\/Logo2.png.png\",\"width\":500,\"height\":500,\"caption\":\"Marviken Marine\"},\"image\":{\"@id\":\"https:\/\/marvikenmarine.fi\/fi\/#\/schema\/logo\/image\/\"}}]}<\/script>\n<!-- \/ Yoast SEO plugin. -->","yoast_head_json":{"title":"T\u00e4ydellinen venetelakka 5\u201312,5 m - Marviken Marine","robots":{"index":"index","follow":"follow","max-snippet":"max-snippet:-1","max-image-preview":"max-image-preview:large","max-video-preview":"max-video-preview:-1"},"canonical":"https:\/\/marvikenmarine.fi\/fi\/produkt\/taydellinen-venetelakka-5-125-m\/","og_locale":"fi_FI","og_type":"article","og_title":"T\u00e4ydellinen venetelakka 5\u201312,5 m - Marviken Marine","og_description":"S\u00e4\u00e4dett\u00e4v\u00e4 HDPE-venetelakka, jonka leveytt\u00e4 ja pituutta voidaan mukauttaa eri venetyypeille ja runkomuodoille sopivaksi. Venetelakka soveltuu enint\u00e4\u00e4n 500 kg painaville veneille.","og_url":"https:\/\/marvikenmarine.fi\/fi\/produkt\/taydellinen-venetelakka-5-125-m\/","og_site_name":"Marviken Marine","article_modified_time":"2026-05-12T16:41:24+00:00","og_image":[{"width":1937,"height":1453,"url":"https:\/\/marvikenmarine.fi\/wp-content\/uploads\/2026\/05\/Venetelakka--scaled.jpg","type":"image\/jpeg"}],"twitter_card":"summary_large_image","schema":{"@context":"https:\/\/schema.org","@graph":[{"@type":"WebPage","@id":"https:\/\/marvikenmarine.fi\/fi\/produkt\/taydellinen-venetelakka-5-125-m\/","url":"https:\/\/marvikenmarine.fi\/fi\/produkt\/taydellinen-venetelakka-5-125-m\/","name":"T\u00e4ydellinen venetelakka 5\u201312,5 m - Marviken Marine","isPartOf":{"@id":"https:\/\/marvikenmarine.fi\/fi\/#website"},"primaryImageOfPage":{"@id":"https:\/\/marvikenmarine.fi\/fi\/produkt\/taydellinen-venetelakka-5-125-m\/#primaryimage"},"image":{"@id":"https:\/\/marvikenmarine.fi\/fi\/produkt\/taydellinen-venetelakka-5-125-m\/#primaryimage"},"thumbnailUrl":"https:\/\/marvikenmarine.fi\/wp-content\/uploads\/2026\/05\/Venetelakka--scaled.jpg","datePublished":"2026-05-12T16:37:28+00:00","dateModified":"2026-05-12T16:41:24+00:00","breadcrumb":{"@id":"https:\/\/marvikenmarine.fi\/fi\/produkt\/taydellinen-venetelakka-5-125-m\/#breadcrumb"},"inLanguage":"fi","potentialAction":[{"@type":"ReadAction","target":["https:\/\/marvikenmarine.fi\/fi\/produkt\/taydellinen-venetelakka-5-125-m\/"]}]},{"@type":"ImageObject","inLanguage":"fi","@id":"https:\/\/marvikenmarine.fi\/fi\/produkt\/taydellinen-venetelakka-5-125-m\/#primaryimage","url":"https:\/\/marvikenmarine.fi\/wp-content\/uploads\/2026\/05\/Venetelakka--scaled.jpg","contentUrl":"https:\/\/marvikenmarine.fi\/wp-content\/uploads\/2026\/05\/Venetelakka--scaled.jpg","width":1937,"height":1453},{"@type":"BreadcrumbList","@id":"https:\/\/marvikenmarine.fi\/fi\/produkt\/taydellinen-venetelakka-5-125-m\/#breadcrumb","itemListElement":[{"@type":"ListItem","position":1,"name":"Hem","item":"https:\/\/marvikenmarine.fi\/fi\/"},{"@type":"ListItem","position":2,"name":"Butik","item":"https:\/\/marvikenmarine.fi\/butik\/"},{"@type":"ListItem","position":3,"name":"T\u00e4ydellinen venetelakka 5\u201312,5 m"}]},{"@type":"WebSite","@id":"https:\/\/marvikenmarine.fi\/fi\/#website","url":"https:\/\/marvikenmarine.fi\/fi\/","name":"Marviken Marine","description":"","publisher":{"@id":"https:\/\/marvikenmarine.fi\/fi\/#organization"},"potentialAction":[{"@type":"SearchAction","target":{"@type":"EntryPoint","urlTemplate":"https:\/\/marvikenmarine.fi\/fi\/?s={search_term_string}"},"query-input":{"@type":"PropertyValueSpecification","valueRequired":true,"valueName":"search_term_string"}}],"inLanguage":"fi"},{"@type":"Organization","@id":"https:\/\/marvikenmarine.fi\/fi\/#organization","name":"Marviken Marine","url":"https:\/\/marvikenmarine.fi\/fi\/","logo":{"@type":"ImageObject","inLanguage":"fi","@id":"https:\/\/marvikenmarine.fi\/fi\/#\/schema\/logo\/image\/","url":"https:\/\/marvikenmarine.fi\/wp-content\/uploads\/2024\/06\/Logo2.png.png","contentUrl":"https:\/\/marvikenmarine.fi\/wp-content\/uploads\/2024\/06\/Logo2.png.png","width":500,"height":500,"caption":"Marviken Marine"},"image":{"@id":"https:\/\/marvikenmarine.fi\/fi\/#\/schema\/logo\/image\/"}}]}},"_links":{"self":[{"href":"https:\/\/marvikenmarine.fi\/fi\/wp-json\/wp\/v2\/product\/1996","targetHints":{"allow":["GET"]}}],"collection":[{"href":"https:\/\/marvikenmarine.fi\/fi\/wp-json\/wp\/v2\/product"}],"about":[{"href":"https:\/\/marvikenmarine.fi\/fi\/wp-json\/wp\/v2\/types\/product"}],"wp:featuredmedia":[{"embeddable":true,"href":"https:\/\/marvikenmarine.fi\/fi\/wp-json\/wp\/v2\/media\/1991"}],"wp:attachment":[{"href":"https:\/\/marvikenmarine.fi\/fi\/wp-json\/wp\/v2\/media?parent=1996"}],"wp:term":[{"taxonomy":"product_brand","embeddable":true,"href":"https:\/\/marvikenmarine.fi\/fi\/wp-json\/wp\/v2\/product_brand?post=1996"},{"taxonomy":"product_cat","embeddable":true,"href":"https:\/\/marvikenmarine.fi\/fi\/wp-json\/wp\/v2\/product_cat?post=1996"},{"taxonomy":"product_tag","embeddable":true,"href":"https:\/\/marvikenmarine.fi\/fi\/wp-json\/wp\/v2\/product_tag?post=1996"}],"curies":[{"name":"wp","href":"https:\/\/api.w.org\/{rel}","templated":true}]}}