{"id":1937,"date":"2026-03-05T10:31:56","date_gmt":"2026-03-05T08:31:56","guid":{"rendered":"https:\/\/marvikenmarine.fi\/?post_type=product&#038;p=1937"},"modified":"2026-03-05T10:33:27","modified_gmt":"2026-03-05T08:33:27","slug":"yamarin-42-open-yamaha-9-9hv","status":"publish","type":"product","link":"https:\/\/marvikenmarine.fi\/fi\/produkt\/yamarin-42-open-yamaha-9-9hv\/","title":{"rendered":"Yamarin 42 open + Yamaha 9.9hv"},"content":{"rendered":"<ul>\n<li>Pituus: 4,25m<\/li>\n<li>Leveys: 1,68m<\/li>\n<li>Paino: 240kg<\/li>\n<li>Moottori: Yamaha V Max Jr.<\/li>\n<li>Teho: 9,9hv<\/li>\n<\/ul>\n<p>&nbsp;<\/p>\n<p>&nbsp;<\/p>\n<p>*v\u00e4lityskohde<\/p>\n","protected":false},"excerpt":{"rendered":"<p>Tosi hieno ja hyv\u00e4ss\u00e4 kunnossa Yamarin myynniss\u00e4!<\/p>\n","protected":false},"featured_media":1927,"template":"","meta":[],"product_brand":[],"product_cat":[46],"product_tag":[],"class_list":{"0":"post-1937","1":"product","2":"type-product","3":"status-publish","4":"has-post-thumbnail","6":"product_cat-veneet","8":"first","9":"instock","10":"shipping-taxable","11":"purchasable","12":"product-type-simple"},"yoast_head":"<!-- This site is optimized with the Yoast SEO plugin v26.9 - https:\/\/yoast.com\/product\/yoast-seo-wordpress\/ -->\n<title>Yamarin 42 open + Yamaha 9.9hv - Marviken Marine<\/title>\n<meta name=\"description\" content=\"Tosi hieno ja hyv\u00e4ss\u00e4 kunnossa Yamarin myynniss\u00e4!\" \/>\n<meta name=\"robots\" content=\"index, follow, max-snippet:-1, max-image-preview:large, max-video-preview:-1\" \/>\n<link rel=\"canonical\" href=\"https:\/\/marvikenmarine.fi\/fi\/produkt\/yamarin-42-open-yamaha-9-9hv\/\" \/>\n<meta property=\"og:locale\" content=\"fi_FI\" \/>\n<meta property=\"og:type\" content=\"article\" \/>\n<meta property=\"og:title\" content=\"Yamarin 42 open + Yamaha 9.9hv - Marviken Marine\" \/>\n<meta property=\"og:description\" content=\"Tosi hieno ja hyv\u00e4ss\u00e4 kunnossa Yamarin myynniss\u00e4!\" \/>\n<meta property=\"og:url\" content=\"https:\/\/marvikenmarine.fi\/fi\/produkt\/yamarin-42-open-yamaha-9-9hv\/\" \/>\n<meta property=\"og:site_name\" content=\"Marviken Marine\" \/>\n<meta property=\"article:modified_time\" content=\"2026-03-05T08:33:27+00:00\" \/>\n<meta property=\"og:image\" content=\"https:\/\/marvikenmarine.fi\/wp-content\/uploads\/2026\/03\/IMG_2895-scaled.jpeg\" \/>\n\t<meta property=\"og:image:width\" content=\"1453\" \/>\n\t<meta property=\"og:image:height\" content=\"1937\" \/>\n\t<meta property=\"og:image:type\" content=\"image\/jpeg\" \/>\n<meta name=\"twitter:card\" content=\"summary_large_image\" \/>\n<script type=\"application\/ld+json\" class=\"yoast-schema-graph\">{\"@context\":\"https:\/\/schema.org\",\"@graph\":[{\"@type\":\"WebPage\",\"@id\":\"https:\/\/marvikenmarine.fi\/fi\/produkt\/yamarin-42-open-yamaha-9-9hv\/\",\"url\":\"https:\/\/marvikenmarine.fi\/fi\/produkt\/yamarin-42-open-yamaha-9-9hv\/\",\"name\":\"Yamarin 42 open + Yamaha 9.9hv - Marviken Marine\",\"isPartOf\":{\"@id\":\"https:\/\/marvikenmarine.fi\/fi\/#website\"},\"primaryImageOfPage\":{\"@id\":\"https:\/\/marvikenmarine.fi\/fi\/produkt\/yamarin-42-open-yamaha-9-9hv\/#primaryimage\"},\"image\":{\"@id\":\"https:\/\/marvikenmarine.fi\/fi\/produkt\/yamarin-42-open-yamaha-9-9hv\/#primaryimage\"},\"thumbnailUrl\":\"https:\/\/marvikenmarine.fi\/wp-content\/uploads\/2026\/03\/IMG_2895-scaled.jpeg\",\"datePublished\":\"2026-03-05T08:31:56+00:00\",\"dateModified\":\"2026-03-05T08:33:27+00:00\",\"description\":\"Tosi hieno ja hyv\u00e4ss\u00e4 kunnossa Yamarin myynniss\u00e4!\",\"breadcrumb\":{\"@id\":\"https:\/\/marvikenmarine.fi\/fi\/produkt\/yamarin-42-open-yamaha-9-9hv\/#breadcrumb\"},\"inLanguage\":\"fi\",\"potentialAction\":[{\"@type\":\"ReadAction\",\"target\":[\"https:\/\/marvikenmarine.fi\/fi\/produkt\/yamarin-42-open-yamaha-9-9hv\/\"]}]},{\"@type\":\"ImageObject\",\"inLanguage\":\"fi\",\"@id\":\"https:\/\/marvikenmarine.fi\/fi\/produkt\/yamarin-42-open-yamaha-9-9hv\/#primaryimage\",\"url\":\"https:\/\/marvikenmarine.fi\/wp-content\/uploads\/2026\/03\/IMG_2895-scaled.jpeg\",\"contentUrl\":\"https:\/\/marvikenmarine.fi\/wp-content\/uploads\/2026\/03\/IMG_2895-scaled.jpeg\",\"width\":1453,\"height\":1937},{\"@type\":\"BreadcrumbList\",\"@id\":\"https:\/\/marvikenmarine.fi\/fi\/produkt\/yamarin-42-open-yamaha-9-9hv\/#breadcrumb\",\"itemListElement\":[{\"@type\":\"ListItem\",\"position\":1,\"name\":\"Hem\",\"item\":\"https:\/\/marvikenmarine.fi\/fi\/\"},{\"@type\":\"ListItem\",\"position\":2,\"name\":\"Butik\",\"item\":\"https:\/\/marvikenmarine.fi\/butik\/\"},{\"@type\":\"ListItem\",\"position\":3,\"name\":\"Yamarin 42 open + Yamaha 9.9hv\"}]},{\"@type\":\"WebSite\",\"@id\":\"https:\/\/marvikenmarine.fi\/fi\/#website\",\"url\":\"https:\/\/marvikenmarine.fi\/fi\/\",\"name\":\"Marviken Marine\",\"description\":\"\",\"publisher\":{\"@id\":\"https:\/\/marvikenmarine.fi\/fi\/#organization\"},\"potentialAction\":[{\"@type\":\"SearchAction\",\"target\":{\"@type\":\"EntryPoint\",\"urlTemplate\":\"https:\/\/marvikenmarine.fi\/fi\/?s={search_term_string}\"},\"query-input\":{\"@type\":\"PropertyValueSpecification\",\"valueRequired\":true,\"valueName\":\"search_term_string\"}}],\"inLanguage\":\"fi\"},{\"@type\":\"Organization\",\"@id\":\"https:\/\/marvikenmarine.fi\/fi\/#organization\",\"name\":\"Marviken Marine\",\"url\":\"https:\/\/marvikenmarine.fi\/fi\/\",\"logo\":{\"@type\":\"ImageObject\",\"inLanguage\":\"fi\",\"@id\":\"https:\/\/marvikenmarine.fi\/fi\/#\/schema\/logo\/image\/\",\"url\":\"https:\/\/marvikenmarine.fi\/wp-content\/uploads\/2024\/06\/Logo2.png.png\",\"contentUrl\":\"https:\/\/marvikenmarine.fi\/wp-content\/uploads\/2024\/06\/Logo2.png.png\",\"width\":500,\"height\":500,\"caption\":\"Marviken Marine\"},\"image\":{\"@id\":\"https:\/\/marvikenmarine.fi\/fi\/#\/schema\/logo\/image\/\"}}]}<\/script>\n<!-- \/ Yoast SEO plugin. -->","yoast_head_json":{"title":"Yamarin 42 open + Yamaha 9.9hv - Marviken Marine","description":"Tosi hieno ja hyv\u00e4ss\u00e4 kunnossa Yamarin myynniss\u00e4!","robots":{"index":"index","follow":"follow","max-snippet":"max-snippet:-1","max-image-preview":"max-image-preview:large","max-video-preview":"max-video-preview:-1"},"canonical":"https:\/\/marvikenmarine.fi\/fi\/produkt\/yamarin-42-open-yamaha-9-9hv\/","og_locale":"fi_FI","og_type":"article","og_title":"Yamarin 42 open + Yamaha 9.9hv - Marviken Marine","og_description":"Tosi hieno ja hyv\u00e4ss\u00e4 kunnossa Yamarin myynniss\u00e4!","og_url":"https:\/\/marvikenmarine.fi\/fi\/produkt\/yamarin-42-open-yamaha-9-9hv\/","og_site_name":"Marviken Marine","article_modified_time":"2026-03-05T08:33:27+00:00","og_image":[{"width":1453,"height":1937,"url":"https:\/\/marvikenmarine.fi\/wp-content\/uploads\/2026\/03\/IMG_2895-scaled.jpeg","type":"image\/jpeg"}],"twitter_card":"summary_large_image","schema":{"@context":"https:\/\/schema.org","@graph":[{"@type":"WebPage","@id":"https:\/\/marvikenmarine.fi\/fi\/produkt\/yamarin-42-open-yamaha-9-9hv\/","url":"https:\/\/marvikenmarine.fi\/fi\/produkt\/yamarin-42-open-yamaha-9-9hv\/","name":"Yamarin 42 open + Yamaha 9.9hv - Marviken Marine","isPartOf":{"@id":"https:\/\/marvikenmarine.fi\/fi\/#website"},"primaryImageOfPage":{"@id":"https:\/\/marvikenmarine.fi\/fi\/produkt\/yamarin-42-open-yamaha-9-9hv\/#primaryimage"},"image":{"@id":"https:\/\/marvikenmarine.fi\/fi\/produkt\/yamarin-42-open-yamaha-9-9hv\/#primaryimage"},"thumbnailUrl":"https:\/\/marvikenmarine.fi\/wp-content\/uploads\/2026\/03\/IMG_2895-scaled.jpeg","datePublished":"2026-03-05T08:31:56+00:00","dateModified":"2026-03-05T08:33:27+00:00","description":"Tosi hieno ja hyv\u00e4ss\u00e4 kunnossa Yamarin myynniss\u00e4!","breadcrumb":{"@id":"https:\/\/marvikenmarine.fi\/fi\/produkt\/yamarin-42-open-yamaha-9-9hv\/#breadcrumb"},"inLanguage":"fi","potentialAction":[{"@type":"ReadAction","target":["https:\/\/marvikenmarine.fi\/fi\/produkt\/yamarin-42-open-yamaha-9-9hv\/"]}]},{"@type":"ImageObject","inLanguage":"fi","@id":"https:\/\/marvikenmarine.fi\/fi\/produkt\/yamarin-42-open-yamaha-9-9hv\/#primaryimage","url":"https:\/\/marvikenmarine.fi\/wp-content\/uploads\/2026\/03\/IMG_2895-scaled.jpeg","contentUrl":"https:\/\/marvikenmarine.fi\/wp-content\/uploads\/2026\/03\/IMG_2895-scaled.jpeg","width":1453,"height":1937},{"@type":"BreadcrumbList","@id":"https:\/\/marvikenmarine.fi\/fi\/produkt\/yamarin-42-open-yamaha-9-9hv\/#breadcrumb","itemListElement":[{"@type":"ListItem","position":1,"name":"Hem","item":"https:\/\/marvikenmarine.fi\/fi\/"},{"@type":"ListItem","position":2,"name":"Butik","item":"https:\/\/marvikenmarine.fi\/butik\/"},{"@type":"ListItem","position":3,"name":"Yamarin 42 open + Yamaha 9.9hv"}]},{"@type":"WebSite","@id":"https:\/\/marvikenmarine.fi\/fi\/#website","url":"https:\/\/marvikenmarine.fi\/fi\/","name":"Marviken Marine","description":"","publisher":{"@id":"https:\/\/marvikenmarine.fi\/fi\/#organization"},"potentialAction":[{"@type":"SearchAction","target":{"@type":"EntryPoint","urlTemplate":"https:\/\/marvikenmarine.fi\/fi\/?s={search_term_string}"},"query-input":{"@type":"PropertyValueSpecification","valueRequired":true,"valueName":"search_term_string"}}],"inLanguage":"fi"},{"@type":"Organization","@id":"https:\/\/marvikenmarine.fi\/fi\/#organization","name":"Marviken Marine","url":"https:\/\/marvikenmarine.fi\/fi\/","logo":{"@type":"ImageObject","inLanguage":"fi","@id":"https:\/\/marvikenmarine.fi\/fi\/#\/schema\/logo\/image\/","url":"https:\/\/marvikenmarine.fi\/wp-content\/uploads\/2024\/06\/Logo2.png.png","contentUrl":"https:\/\/marvikenmarine.fi\/wp-content\/uploads\/2024\/06\/Logo2.png.png","width":500,"height":500,"caption":"Marviken Marine"},"image":{"@id":"https:\/\/marvikenmarine.fi\/fi\/#\/schema\/logo\/image\/"}}]}},"_links":{"self":[{"href":"https:\/\/marvikenmarine.fi\/fi\/wp-json\/wp\/v2\/product\/1937","targetHints":{"allow":["GET"]}}],"collection":[{"href":"https:\/\/marvikenmarine.fi\/fi\/wp-json\/wp\/v2\/product"}],"about":[{"href":"https:\/\/marvikenmarine.fi\/fi\/wp-json\/wp\/v2\/types\/product"}],"wp:featuredmedia":[{"embeddable":true,"href":"https:\/\/marvikenmarine.fi\/fi\/wp-json\/wp\/v2\/media\/1927"}],"wp:attachment":[{"href":"https:\/\/marvikenmarine.fi\/fi\/wp-json\/wp\/v2\/media?parent=1937"}],"wp:term":[{"taxonomy":"product_brand","embeddable":true,"href":"https:\/\/marvikenmarine.fi\/fi\/wp-json\/wp\/v2\/product_brand?post=1937"},{"taxonomy":"product_cat","embeddable":true,"href":"https:\/\/marvikenmarine.fi\/fi\/wp-json\/wp\/v2\/product_cat?post=1937"},{"taxonomy":"product_tag","embeddable":true,"href":"https:\/\/marvikenmarine.fi\/fi\/wp-json\/wp\/v2\/product_tag?post=1937"}],"curies":[{"name":"wp","href":"https:\/\/api.w.org\/{rel}","templated":true}]}}