{"id":1637,"date":"2025-05-06T14:52:57","date_gmt":"2025-05-06T11:52:57","guid":{"rendered":"https:\/\/marvikenmarine.fi\/?post_type=product&#038;p=1637"},"modified":"2025-05-06T14:56:59","modified_gmt":"2025-05-06T11:56:59","slug":"black-island-360-alumiinipohjalla","status":"publish","type":"product","link":"https:\/\/marvikenmarine.fi\/fi\/produkt\/black-island-360-alumiinipohjalla\/","title":{"rendered":"Black Island 360 Alumiinipohjalla"},"content":{"rendered":"<ul>\n<li>Pituus: 360cm<\/li>\n<li>Leveys: 168cm<\/li>\n<li>Paino: 68kg<\/li>\n<li>PVC: 0,9mm<\/li>\n<li>Kone (max): 20hv<\/li>\n<li>Kantavuus: 689kg<\/li>\n<li>Henkil\u00f6m\u00e4\u00e4r\u00e4: 5 henkil\u00f6\u00e4<\/li>\n<li>Pohja: Alumiini<\/li>\n<li>Ilmakammioiden m\u00e4\u00e4r\u00e4: 3+1<\/li>\n<\/ul>\n<p>&nbsp;<\/p>\n<p>VAKIOVARUSTEET:<\/p>\n<ul>\n<li>Kantokassi<\/li>\n<li>Pumppu<\/li>\n<li>Korjaussarja<\/li>\n<li>Alumiini airot<\/li>\n<li>Penkki<\/li>\n<li>Kiinnitysnauha tankille<\/li>\n<li>Paikka toiselle penkille (penkki ostettava erikseen)<\/li>\n<\/ul>\n<p>&nbsp;<\/p>\n<p><em>*Rahti lis\u00e4t\u00e4\u00e4n hintaan<\/em><\/p>\n<p><em>*Tilaustuote<\/em><\/p>\n","protected":false},"excerpt":{"rendered":"<p>Black Island 360 malli on varusteltu V-pohjalla (ilmat\u00e4ytteinen), mik\u00e4 takaa vakaamman k\u00e4ynnin ja suuremman kantokyvyn.<\/p>\n","protected":false},"featured_media":1636,"template":"","meta":[],"product_brand":[],"product_cat":[55],"product_tag":[],"class_list":{"0":"post-1637","1":"product","2":"type-product","3":"status-publish","4":"has-post-thumbnail","6":"product_cat-tarvikkeet","8":"first","9":"instock","10":"shipping-taxable","11":"purchasable","12":"product-type-simple"},"yoast_head":"<!-- This site is optimized with the Yoast SEO plugin v26.9 - https:\/\/yoast.com\/product\/yoast-seo-wordpress\/ -->\n<title>Black Island 360 Alumiinipohjalla - Marviken Marine<\/title>\n<meta name=\"robots\" content=\"index, follow, max-snippet:-1, max-image-preview:large, max-video-preview:-1\" \/>\n<link rel=\"canonical\" href=\"https:\/\/marvikenmarine.fi\/fi\/produkt\/black-island-360-alumiinipohjalla\/\" \/>\n<meta property=\"og:locale\" content=\"fi_FI\" \/>\n<meta property=\"og:type\" content=\"article\" \/>\n<meta property=\"og:title\" content=\"Black Island 360 Alumiinipohjalla - Marviken Marine\" \/>\n<meta property=\"og:description\" content=\"Black Island 360 malli on varusteltu V-pohjalla (ilmat\u00e4ytteinen), mik\u00e4 takaa vakaamman k\u00e4ynnin ja suuremman kantokyvyn.\" \/>\n<meta property=\"og:url\" content=\"https:\/\/marvikenmarine.fi\/fi\/produkt\/black-island-360-alumiinipohjalla\/\" \/>\n<meta property=\"og:site_name\" content=\"Marviken Marine\" \/>\n<meta property=\"article:modified_time\" content=\"2025-05-06T11:56:59+00:00\" \/>\n<meta property=\"og:image\" content=\"https:\/\/marvikenmarine.fi\/wp-content\/uploads\/2025\/05\/100-1009XX.jpg\" \/>\n\t<meta property=\"og:image:width\" content=\"773\" \/>\n\t<meta property=\"og:image:height\" content=\"800\" \/>\n\t<meta property=\"og:image:type\" content=\"image\/jpeg\" \/>\n<meta name=\"twitter:card\" content=\"summary_large_image\" \/>\n<script type=\"application\/ld+json\" class=\"yoast-schema-graph\">{\"@context\":\"https:\/\/schema.org\",\"@graph\":[{\"@type\":\"WebPage\",\"@id\":\"https:\/\/marvikenmarine.fi\/fi\/produkt\/black-island-360-alumiinipohjalla\/\",\"url\":\"https:\/\/marvikenmarine.fi\/fi\/produkt\/black-island-360-alumiinipohjalla\/\",\"name\":\"Black Island 360 Alumiinipohjalla - Marviken Marine\",\"isPartOf\":{\"@id\":\"https:\/\/marvikenmarine.fi\/fi\/#website\"},\"primaryImageOfPage\":{\"@id\":\"https:\/\/marvikenmarine.fi\/fi\/produkt\/black-island-360-alumiinipohjalla\/#primaryimage\"},\"image\":{\"@id\":\"https:\/\/marvikenmarine.fi\/fi\/produkt\/black-island-360-alumiinipohjalla\/#primaryimage\"},\"thumbnailUrl\":\"https:\/\/marvikenmarine.fi\/wp-content\/uploads\/2025\/05\/100-1009XX.jpg\",\"datePublished\":\"2025-05-06T11:52:57+00:00\",\"dateModified\":\"2025-05-06T11:56:59+00:00\",\"breadcrumb\":{\"@id\":\"https:\/\/marvikenmarine.fi\/fi\/produkt\/black-island-360-alumiinipohjalla\/#breadcrumb\"},\"inLanguage\":\"fi\",\"potentialAction\":[{\"@type\":\"ReadAction\",\"target\":[\"https:\/\/marvikenmarine.fi\/fi\/produkt\/black-island-360-alumiinipohjalla\/\"]}]},{\"@type\":\"ImageObject\",\"inLanguage\":\"fi\",\"@id\":\"https:\/\/marvikenmarine.fi\/fi\/produkt\/black-island-360-alumiinipohjalla\/#primaryimage\",\"url\":\"https:\/\/marvikenmarine.fi\/wp-content\/uploads\/2025\/05\/100-1009XX.jpg\",\"contentUrl\":\"https:\/\/marvikenmarine.fi\/wp-content\/uploads\/2025\/05\/100-1009XX.jpg\",\"width\":773,\"height\":800},{\"@type\":\"BreadcrumbList\",\"@id\":\"https:\/\/marvikenmarine.fi\/fi\/produkt\/black-island-360-alumiinipohjalla\/#breadcrumb\",\"itemListElement\":[{\"@type\":\"ListItem\",\"position\":1,\"name\":\"Hem\",\"item\":\"https:\/\/marvikenmarine.fi\/fi\/\"},{\"@type\":\"ListItem\",\"position\":2,\"name\":\"Butik\",\"item\":\"https:\/\/marvikenmarine.fi\/butik\/\"},{\"@type\":\"ListItem\",\"position\":3,\"name\":\"Black Island 360 Alumiinipohjalla\"}]},{\"@type\":\"WebSite\",\"@id\":\"https:\/\/marvikenmarine.fi\/fi\/#website\",\"url\":\"https:\/\/marvikenmarine.fi\/fi\/\",\"name\":\"Marviken Marine\",\"description\":\"\",\"publisher\":{\"@id\":\"https:\/\/marvikenmarine.fi\/fi\/#organization\"},\"potentialAction\":[{\"@type\":\"SearchAction\",\"target\":{\"@type\":\"EntryPoint\",\"urlTemplate\":\"https:\/\/marvikenmarine.fi\/fi\/?s={search_term_string}\"},\"query-input\":{\"@type\":\"PropertyValueSpecification\",\"valueRequired\":true,\"valueName\":\"search_term_string\"}}],\"inLanguage\":\"fi\"},{\"@type\":\"Organization\",\"@id\":\"https:\/\/marvikenmarine.fi\/fi\/#organization\",\"name\":\"Marviken Marine\",\"url\":\"https:\/\/marvikenmarine.fi\/fi\/\",\"logo\":{\"@type\":\"ImageObject\",\"inLanguage\":\"fi\",\"@id\":\"https:\/\/marvikenmarine.fi\/fi\/#\/schema\/logo\/image\/\",\"url\":\"https:\/\/marvikenmarine.fi\/wp-content\/uploads\/2024\/06\/Logo2.png.png\",\"contentUrl\":\"https:\/\/marvikenmarine.fi\/wp-content\/uploads\/2024\/06\/Logo2.png.png\",\"width\":500,\"height\":500,\"caption\":\"Marviken Marine\"},\"image\":{\"@id\":\"https:\/\/marvikenmarine.fi\/fi\/#\/schema\/logo\/image\/\"}}]}<\/script>\n<!-- \/ Yoast SEO plugin. -->","yoast_head_json":{"title":"Black Island 360 Alumiinipohjalla - Marviken Marine","robots":{"index":"index","follow":"follow","max-snippet":"max-snippet:-1","max-image-preview":"max-image-preview:large","max-video-preview":"max-video-preview:-1"},"canonical":"https:\/\/marvikenmarine.fi\/fi\/produkt\/black-island-360-alumiinipohjalla\/","og_locale":"fi_FI","og_type":"article","og_title":"Black Island 360 Alumiinipohjalla - Marviken Marine","og_description":"Black Island 360 malli on varusteltu V-pohjalla (ilmat\u00e4ytteinen), mik\u00e4 takaa vakaamman k\u00e4ynnin ja suuremman kantokyvyn.","og_url":"https:\/\/marvikenmarine.fi\/fi\/produkt\/black-island-360-alumiinipohjalla\/","og_site_name":"Marviken Marine","article_modified_time":"2025-05-06T11:56:59+00:00","og_image":[{"width":773,"height":800,"url":"https:\/\/marvikenmarine.fi\/wp-content\/uploads\/2025\/05\/100-1009XX.jpg","type":"image\/jpeg"}],"twitter_card":"summary_large_image","schema":{"@context":"https:\/\/schema.org","@graph":[{"@type":"WebPage","@id":"https:\/\/marvikenmarine.fi\/fi\/produkt\/black-island-360-alumiinipohjalla\/","url":"https:\/\/marvikenmarine.fi\/fi\/produkt\/black-island-360-alumiinipohjalla\/","name":"Black Island 360 Alumiinipohjalla - Marviken Marine","isPartOf":{"@id":"https:\/\/marvikenmarine.fi\/fi\/#website"},"primaryImageOfPage":{"@id":"https:\/\/marvikenmarine.fi\/fi\/produkt\/black-island-360-alumiinipohjalla\/#primaryimage"},"image":{"@id":"https:\/\/marvikenmarine.fi\/fi\/produkt\/black-island-360-alumiinipohjalla\/#primaryimage"},"thumbnailUrl":"https:\/\/marvikenmarine.fi\/wp-content\/uploads\/2025\/05\/100-1009XX.jpg","datePublished":"2025-05-06T11:52:57+00:00","dateModified":"2025-05-06T11:56:59+00:00","breadcrumb":{"@id":"https:\/\/marvikenmarine.fi\/fi\/produkt\/black-island-360-alumiinipohjalla\/#breadcrumb"},"inLanguage":"fi","potentialAction":[{"@type":"ReadAction","target":["https:\/\/marvikenmarine.fi\/fi\/produkt\/black-island-360-alumiinipohjalla\/"]}]},{"@type":"ImageObject","inLanguage":"fi","@id":"https:\/\/marvikenmarine.fi\/fi\/produkt\/black-island-360-alumiinipohjalla\/#primaryimage","url":"https:\/\/marvikenmarine.fi\/wp-content\/uploads\/2025\/05\/100-1009XX.jpg","contentUrl":"https:\/\/marvikenmarine.fi\/wp-content\/uploads\/2025\/05\/100-1009XX.jpg","width":773,"height":800},{"@type":"BreadcrumbList","@id":"https:\/\/marvikenmarine.fi\/fi\/produkt\/black-island-360-alumiinipohjalla\/#breadcrumb","itemListElement":[{"@type":"ListItem","position":1,"name":"Hem","item":"https:\/\/marvikenmarine.fi\/fi\/"},{"@type":"ListItem","position":2,"name":"Butik","item":"https:\/\/marvikenmarine.fi\/butik\/"},{"@type":"ListItem","position":3,"name":"Black Island 360 Alumiinipohjalla"}]},{"@type":"WebSite","@id":"https:\/\/marvikenmarine.fi\/fi\/#website","url":"https:\/\/marvikenmarine.fi\/fi\/","name":"Marviken Marine","description":"","publisher":{"@id":"https:\/\/marvikenmarine.fi\/fi\/#organization"},"potentialAction":[{"@type":"SearchAction","target":{"@type":"EntryPoint","urlTemplate":"https:\/\/marvikenmarine.fi\/fi\/?s={search_term_string}"},"query-input":{"@type":"PropertyValueSpecification","valueRequired":true,"valueName":"search_term_string"}}],"inLanguage":"fi"},{"@type":"Organization","@id":"https:\/\/marvikenmarine.fi\/fi\/#organization","name":"Marviken Marine","url":"https:\/\/marvikenmarine.fi\/fi\/","logo":{"@type":"ImageObject","inLanguage":"fi","@id":"https:\/\/marvikenmarine.fi\/fi\/#\/schema\/logo\/image\/","url":"https:\/\/marvikenmarine.fi\/wp-content\/uploads\/2024\/06\/Logo2.png.png","contentUrl":"https:\/\/marvikenmarine.fi\/wp-content\/uploads\/2024\/06\/Logo2.png.png","width":500,"height":500,"caption":"Marviken Marine"},"image":{"@id":"https:\/\/marvikenmarine.fi\/fi\/#\/schema\/logo\/image\/"}}]}},"_links":{"self":[{"href":"https:\/\/marvikenmarine.fi\/fi\/wp-json\/wp\/v2\/product\/1637","targetHints":{"allow":["GET"]}}],"collection":[{"href":"https:\/\/marvikenmarine.fi\/fi\/wp-json\/wp\/v2\/product"}],"about":[{"href":"https:\/\/marvikenmarine.fi\/fi\/wp-json\/wp\/v2\/types\/product"}],"wp:featuredmedia":[{"embeddable":true,"href":"https:\/\/marvikenmarine.fi\/fi\/wp-json\/wp\/v2\/media\/1636"}],"wp:attachment":[{"href":"https:\/\/marvikenmarine.fi\/fi\/wp-json\/wp\/v2\/media?parent=1637"}],"wp:term":[{"taxonomy":"product_brand","embeddable":true,"href":"https:\/\/marvikenmarine.fi\/fi\/wp-json\/wp\/v2\/product_brand?post=1637"},{"taxonomy":"product_cat","embeddable":true,"href":"https:\/\/marvikenmarine.fi\/fi\/wp-json\/wp\/v2\/product_cat?post=1637"},{"taxonomy":"product_tag","embeddable":true,"href":"https:\/\/marvikenmarine.fi\/fi\/wp-json\/wp\/v2\/product_tag?post=1637"}],"curies":[{"name":"wp","href":"https:\/\/api.w.org\/{rel}","templated":true}]}}