{"id":1434,"date":"2024-10-01T13:13:34","date_gmt":"2024-10-01T10:13:34","guid":{"rendered":"https:\/\/marvikenmarine.fi\/?post_type=product&#038;p=1434"},"modified":"2025-06-03T15:56:33","modified_gmt":"2025-06-03T12:56:33","slug":"amt-185-br-honda-bf115","status":"publish","type":"product","link":"https:\/\/marvikenmarine.fi\/fi\/produkt\/amt-185-br-honda-bf115\/","title":{"rendered":"MYYTY! AMT 185 BR + Honda BF115"},"content":{"rendered":"<ul>\n<li>Pituus: 5,50m<\/li>\n<li>Leveys: 2,20m<\/li>\n<li>Paino: 680kg<\/li>\n<li>Moottori: Honda BF115<\/li>\n<li>Tunnit: 550h<\/li>\n<\/ul>\n<p>&nbsp;<\/p>\n<p>Kev\u00e4\u00e4ll\u00e4 2024 tehty iso huolto<\/p>\n<p>* Jakohina + kiristin<\/p>\n<p>* Tasapainoakselin hihna<\/p>\n<p>* Laturin hihna<\/p>\n<p>* Termostaatti<\/p>\n<p>* Moottori\u00f6ljy + soudatin (joka vuosi)<\/p>\n<p>* Per\u00e4\u00f6ljyt<\/p>\n<p>* Anoodit<\/p>\n<p>Impelleri uusittu kaudella 2022<\/p>\n<p>&nbsp;<\/p>\n<p>Varusteet:<\/p>\n<p>* Amt comfort-istuimet<\/p>\n<p>* 2x kuomua<\/p>\n<p>* Ohjaustehostin<\/p>\n<p>* K\u00f6lisuoja<\/p>\n<p>* Patjat siistiss\u00e4 kunnossa<\/p>\n<p>* Maalattu pohja<\/p>\n<p>* Hydrauliset trimmitasot<\/p>\n","protected":false},"excerpt":{"rendered":"<p>Siisti ja s\u00e4\u00e4nn\u00f6llisesti huolettu AMT 185 BR juuri oikealla koneella!<\/p>\n","protected":false},"featured_media":1417,"template":"","meta":[],"product_brand":[],"product_cat":[46],"product_tag":[],"class_list":{"0":"post-1434","1":"product","2":"type-product","3":"status-publish","4":"has-post-thumbnail","6":"product_cat-veneet","8":"first","9":"instock","10":"shipping-taxable","11":"purchasable","12":"product-type-simple"},"yoast_head":"<!-- This site is optimized with the Yoast SEO plugin v26.9 - https:\/\/yoast.com\/product\/yoast-seo-wordpress\/ -->\n<title>MYYTY! AMT 185 BR + Honda BF115 - Marviken Marine<\/title>\n<meta name=\"description\" content=\"Siisti ja s\u00e4\u00e4nn\u00f6llisesti huolettu AMT 185 BR juuri oikealla koneella!\" \/>\n<meta name=\"robots\" content=\"index, follow, max-snippet:-1, max-image-preview:large, max-video-preview:-1\" \/>\n<link rel=\"canonical\" href=\"https:\/\/marvikenmarine.fi\/fi\/produkt\/amt-185-br-honda-bf115\/\" \/>\n<meta property=\"og:locale\" content=\"fi_FI\" \/>\n<meta property=\"og:type\" content=\"article\" \/>\n<meta property=\"og:title\" content=\"MYYTY! AMT 185 BR + Honda BF115 - Marviken Marine\" \/>\n<meta property=\"og:description\" content=\"Siisti ja s\u00e4\u00e4nn\u00f6llisesti huolettu AMT 185 BR juuri oikealla koneella!\" \/>\n<meta property=\"og:url\" content=\"https:\/\/marvikenmarine.fi\/fi\/produkt\/amt-185-br-honda-bf115\/\" \/>\n<meta property=\"og:site_name\" content=\"Marviken Marine\" \/>\n<meta property=\"article:modified_time\" content=\"2025-06-03T12:56:33+00:00\" \/>\n<meta property=\"og:image\" content=\"https:\/\/marvikenmarine.fi\/wp-content\/uploads\/2024\/10\/IMG-20240722-WA0005-scaled.jpg\" \/>\n\t<meta property=\"og:image:width\" content=\"1453\" \/>\n\t<meta property=\"og:image:height\" content=\"1937\" \/>\n\t<meta property=\"og:image:type\" content=\"image\/jpeg\" \/>\n<meta name=\"twitter:card\" content=\"summary_large_image\" \/>\n<meta name=\"twitter:label1\" content=\"Arvioitu lukuaika\" \/>\n\t<meta name=\"twitter:data1\" content=\"1 minuutti\" \/>\n<script type=\"application\/ld+json\" class=\"yoast-schema-graph\">{\"@context\":\"https:\/\/schema.org\",\"@graph\":[{\"@type\":\"WebPage\",\"@id\":\"https:\/\/marvikenmarine.fi\/fi\/produkt\/amt-185-br-honda-bf115\/\",\"url\":\"https:\/\/marvikenmarine.fi\/fi\/produkt\/amt-185-br-honda-bf115\/\",\"name\":\"MYYTY! AMT 185 BR + Honda BF115 - Marviken Marine\",\"isPartOf\":{\"@id\":\"https:\/\/marvikenmarine.fi\/fi\/#website\"},\"primaryImageOfPage\":{\"@id\":\"https:\/\/marvikenmarine.fi\/fi\/produkt\/amt-185-br-honda-bf115\/#primaryimage\"},\"image\":{\"@id\":\"https:\/\/marvikenmarine.fi\/fi\/produkt\/amt-185-br-honda-bf115\/#primaryimage\"},\"thumbnailUrl\":\"https:\/\/marvikenmarine.fi\/wp-content\/uploads\/2024\/10\/IMG-20240722-WA0005-scaled.jpg\",\"datePublished\":\"2024-10-01T10:13:34+00:00\",\"dateModified\":\"2025-06-03T12:56:33+00:00\",\"description\":\"Siisti ja s\u00e4\u00e4nn\u00f6llisesti huolettu AMT 185 BR juuri oikealla koneella!\",\"breadcrumb\":{\"@id\":\"https:\/\/marvikenmarine.fi\/fi\/produkt\/amt-185-br-honda-bf115\/#breadcrumb\"},\"inLanguage\":\"fi\",\"potentialAction\":[{\"@type\":\"ReadAction\",\"target\":[\"https:\/\/marvikenmarine.fi\/fi\/produkt\/amt-185-br-honda-bf115\/\"]}]},{\"@type\":\"ImageObject\",\"inLanguage\":\"fi\",\"@id\":\"https:\/\/marvikenmarine.fi\/fi\/produkt\/amt-185-br-honda-bf115\/#primaryimage\",\"url\":\"https:\/\/marvikenmarine.fi\/wp-content\/uploads\/2024\/10\/IMG-20240722-WA0005-scaled.jpg\",\"contentUrl\":\"https:\/\/marvikenmarine.fi\/wp-content\/uploads\/2024\/10\/IMG-20240722-WA0005-scaled.jpg\",\"width\":1453,\"height\":1937},{\"@type\":\"BreadcrumbList\",\"@id\":\"https:\/\/marvikenmarine.fi\/fi\/produkt\/amt-185-br-honda-bf115\/#breadcrumb\",\"itemListElement\":[{\"@type\":\"ListItem\",\"position\":1,\"name\":\"Hem\",\"item\":\"https:\/\/marvikenmarine.fi\/fi\/\"},{\"@type\":\"ListItem\",\"position\":2,\"name\":\"Butik\",\"item\":\"https:\/\/marvikenmarine.fi\/butik\/\"},{\"@type\":\"ListItem\",\"position\":3,\"name\":\"MYYTY! AMT 185 BR + Honda BF115\"}]},{\"@type\":\"WebSite\",\"@id\":\"https:\/\/marvikenmarine.fi\/fi\/#website\",\"url\":\"https:\/\/marvikenmarine.fi\/fi\/\",\"name\":\"Marviken Marine\",\"description\":\"\",\"publisher\":{\"@id\":\"https:\/\/marvikenmarine.fi\/fi\/#organization\"},\"potentialAction\":[{\"@type\":\"SearchAction\",\"target\":{\"@type\":\"EntryPoint\",\"urlTemplate\":\"https:\/\/marvikenmarine.fi\/fi\/?s={search_term_string}\"},\"query-input\":{\"@type\":\"PropertyValueSpecification\",\"valueRequired\":true,\"valueName\":\"search_term_string\"}}],\"inLanguage\":\"fi\"},{\"@type\":\"Organization\",\"@id\":\"https:\/\/marvikenmarine.fi\/fi\/#organization\",\"name\":\"Marviken Marine\",\"url\":\"https:\/\/marvikenmarine.fi\/fi\/\",\"logo\":{\"@type\":\"ImageObject\",\"inLanguage\":\"fi\",\"@id\":\"https:\/\/marvikenmarine.fi\/fi\/#\/schema\/logo\/image\/\",\"url\":\"https:\/\/marvikenmarine.fi\/wp-content\/uploads\/2024\/06\/Logo2.png.png\",\"contentUrl\":\"https:\/\/marvikenmarine.fi\/wp-content\/uploads\/2024\/06\/Logo2.png.png\",\"width\":500,\"height\":500,\"caption\":\"Marviken Marine\"},\"image\":{\"@id\":\"https:\/\/marvikenmarine.fi\/fi\/#\/schema\/logo\/image\/\"}}]}<\/script>\n<!-- \/ Yoast SEO plugin. -->","yoast_head_json":{"title":"MYYTY! AMT 185 BR + Honda BF115 - Marviken Marine","description":"Siisti ja s\u00e4\u00e4nn\u00f6llisesti huolettu AMT 185 BR juuri oikealla koneella!","robots":{"index":"index","follow":"follow","max-snippet":"max-snippet:-1","max-image-preview":"max-image-preview:large","max-video-preview":"max-video-preview:-1"},"canonical":"https:\/\/marvikenmarine.fi\/fi\/produkt\/amt-185-br-honda-bf115\/","og_locale":"fi_FI","og_type":"article","og_title":"MYYTY! AMT 185 BR + Honda BF115 - Marviken Marine","og_description":"Siisti ja s\u00e4\u00e4nn\u00f6llisesti huolettu AMT 185 BR juuri oikealla koneella!","og_url":"https:\/\/marvikenmarine.fi\/fi\/produkt\/amt-185-br-honda-bf115\/","og_site_name":"Marviken Marine","article_modified_time":"2025-06-03T12:56:33+00:00","og_image":[{"width":1453,"height":1937,"url":"https:\/\/marvikenmarine.fi\/wp-content\/uploads\/2024\/10\/IMG-20240722-WA0005-scaled.jpg","type":"image\/jpeg"}],"twitter_card":"summary_large_image","twitter_misc":{"Arvioitu lukuaika":"1 minuutti"},"schema":{"@context":"https:\/\/schema.org","@graph":[{"@type":"WebPage","@id":"https:\/\/marvikenmarine.fi\/fi\/produkt\/amt-185-br-honda-bf115\/","url":"https:\/\/marvikenmarine.fi\/fi\/produkt\/amt-185-br-honda-bf115\/","name":"MYYTY! AMT 185 BR + Honda BF115 - Marviken Marine","isPartOf":{"@id":"https:\/\/marvikenmarine.fi\/fi\/#website"},"primaryImageOfPage":{"@id":"https:\/\/marvikenmarine.fi\/fi\/produkt\/amt-185-br-honda-bf115\/#primaryimage"},"image":{"@id":"https:\/\/marvikenmarine.fi\/fi\/produkt\/amt-185-br-honda-bf115\/#primaryimage"},"thumbnailUrl":"https:\/\/marvikenmarine.fi\/wp-content\/uploads\/2024\/10\/IMG-20240722-WA0005-scaled.jpg","datePublished":"2024-10-01T10:13:34+00:00","dateModified":"2025-06-03T12:56:33+00:00","description":"Siisti ja s\u00e4\u00e4nn\u00f6llisesti huolettu AMT 185 BR juuri oikealla koneella!","breadcrumb":{"@id":"https:\/\/marvikenmarine.fi\/fi\/produkt\/amt-185-br-honda-bf115\/#breadcrumb"},"inLanguage":"fi","potentialAction":[{"@type":"ReadAction","target":["https:\/\/marvikenmarine.fi\/fi\/produkt\/amt-185-br-honda-bf115\/"]}]},{"@type":"ImageObject","inLanguage":"fi","@id":"https:\/\/marvikenmarine.fi\/fi\/produkt\/amt-185-br-honda-bf115\/#primaryimage","url":"https:\/\/marvikenmarine.fi\/wp-content\/uploads\/2024\/10\/IMG-20240722-WA0005-scaled.jpg","contentUrl":"https:\/\/marvikenmarine.fi\/wp-content\/uploads\/2024\/10\/IMG-20240722-WA0005-scaled.jpg","width":1453,"height":1937},{"@type":"BreadcrumbList","@id":"https:\/\/marvikenmarine.fi\/fi\/produkt\/amt-185-br-honda-bf115\/#breadcrumb","itemListElement":[{"@type":"ListItem","position":1,"name":"Hem","item":"https:\/\/marvikenmarine.fi\/fi\/"},{"@type":"ListItem","position":2,"name":"Butik","item":"https:\/\/marvikenmarine.fi\/butik\/"},{"@type":"ListItem","position":3,"name":"MYYTY! AMT 185 BR + Honda BF115"}]},{"@type":"WebSite","@id":"https:\/\/marvikenmarine.fi\/fi\/#website","url":"https:\/\/marvikenmarine.fi\/fi\/","name":"Marviken Marine","description":"","publisher":{"@id":"https:\/\/marvikenmarine.fi\/fi\/#organization"},"potentialAction":[{"@type":"SearchAction","target":{"@type":"EntryPoint","urlTemplate":"https:\/\/marvikenmarine.fi\/fi\/?s={search_term_string}"},"query-input":{"@type":"PropertyValueSpecification","valueRequired":true,"valueName":"search_term_string"}}],"inLanguage":"fi"},{"@type":"Organization","@id":"https:\/\/marvikenmarine.fi\/fi\/#organization","name":"Marviken Marine","url":"https:\/\/marvikenmarine.fi\/fi\/","logo":{"@type":"ImageObject","inLanguage":"fi","@id":"https:\/\/marvikenmarine.fi\/fi\/#\/schema\/logo\/image\/","url":"https:\/\/marvikenmarine.fi\/wp-content\/uploads\/2024\/06\/Logo2.png.png","contentUrl":"https:\/\/marvikenmarine.fi\/wp-content\/uploads\/2024\/06\/Logo2.png.png","width":500,"height":500,"caption":"Marviken Marine"},"image":{"@id":"https:\/\/marvikenmarine.fi\/fi\/#\/schema\/logo\/image\/"}}]}},"_links":{"self":[{"href":"https:\/\/marvikenmarine.fi\/fi\/wp-json\/wp\/v2\/product\/1434","targetHints":{"allow":["GET"]}}],"collection":[{"href":"https:\/\/marvikenmarine.fi\/fi\/wp-json\/wp\/v2\/product"}],"about":[{"href":"https:\/\/marvikenmarine.fi\/fi\/wp-json\/wp\/v2\/types\/product"}],"wp:featuredmedia":[{"embeddable":true,"href":"https:\/\/marvikenmarine.fi\/fi\/wp-json\/wp\/v2\/media\/1417"}],"wp:attachment":[{"href":"https:\/\/marvikenmarine.fi\/fi\/wp-json\/wp\/v2\/media?parent=1434"}],"wp:term":[{"taxonomy":"product_brand","embeddable":true,"href":"https:\/\/marvikenmarine.fi\/fi\/wp-json\/wp\/v2\/product_brand?post=1434"},{"taxonomy":"product_cat","embeddable":true,"href":"https:\/\/marvikenmarine.fi\/fi\/wp-json\/wp\/v2\/product_cat?post=1434"},{"taxonomy":"product_tag","embeddable":true,"href":"https:\/\/marvikenmarine.fi\/fi\/wp-json\/wp\/v2\/product_tag?post=1434"}],"curies":[{"name":"wp","href":"https:\/\/api.w.org\/{rel}","templated":true}]}}