{"id":1141,"date":"2024-07-29T14:44:12","date_gmt":"2024-07-29T11:44:12","guid":{"rendered":"https:\/\/marvikenmarine.fi\/?post_type=product&#038;p=1141"},"modified":"2024-09-03T11:42:25","modified_gmt":"2024-09-03T08:42:25","slug":"norsafe-1200-open","status":"publish","type":"product","link":"https:\/\/marvikenmarine.fi\/fi\/produkt\/norsafe-1200-open\/","title":{"rendered":"Norsafe 1200 open"},"content":{"rendered":"<ul>\n<li>Pituus: 12,03m<\/li>\n<li>Leveys: 3,53m<\/li>\n<li>Paino: 6407kg<\/li>\n<li>Moottorit: 3 x Mercruiser 370hv TDI<\/li>\n<li>Polttoaine: Diesel<\/li>\n<li>Tunnit: n. 400h<\/li>\n<li>Vuosimalli: 2019<\/li>\n<li>Marssi vauhti: 30-50 solmua<\/li>\n<li>Top vauhti: n.60 solmua<\/li>\n<\/ul>\n<p>Hinta alv 25,5%<\/p>\n<p>&nbsp;<\/p>\n<p>Varustelista<\/p>\n<p>6 x Shockwave istuimet<\/p>\n<p>Maas\u00e4hk\u00f6<br \/>\nAkkulaturi<br \/>\nH\u00e4lytysj\u00e4rjestelm\u00e4<br \/>\nSammutin<br \/>\nSammutinj\u00e4rjest\u00e4lm\u00e4<br \/>\nAnkkuri<br \/>\nAnkkurivinssi<br \/>\nPilssipumpu<br \/>\nNavigointivalot<br \/>\nLED-ramppi<br \/>\nKeulapotkuri<br \/>\nTrimmilevyt<br \/>\nKompassi<br \/>\nGPS<br \/>\nAutopilootti<br \/>\nVHF<br \/>\nTutka<br \/>\nKarttaplotteri<br \/>\nKaiku<br \/>\nNopeusmittari<br \/>\nAIS<br \/>\nFlir kamera<br \/>\nKuomu<br \/>\nUimatikas<br \/>\nUimataso<br \/>\nL\u00e4mmitys<br \/>\nBluetooth radio<\/p>\n<p>&nbsp;<\/p>\n","protected":false},"excerpt":{"rendered":"<p>Norsafe 1200 open<\/p>\n<p>Valmistettu koviin olosuhteisiin. T\u00e4ll\u00e4 veneell\u00e4 liikut mukavasti s\u00e4\u00e4st\u00e4 riippumatta.<\/p>\n<p>Ota yhteytt\u00e4 niin kerromme lis\u00e4\u00e4 veneest\u00e4!<\/p>\n","protected":false},"featured_media":1128,"template":"","meta":[],"product_brand":[],"product_cat":[46],"product_tag":[],"class_list":{"0":"post-1141","1":"product","2":"type-product","3":"status-publish","4":"has-post-thumbnail","6":"product_cat-veneet","8":"first","9":"instock","10":"sale","11":"shipping-taxable","12":"purchasable","13":"product-type-simple"},"yoast_head":"<!-- This site is optimized with the Yoast SEO plugin v26.9 - https:\/\/yoast.com\/product\/yoast-seo-wordpress\/ -->\n<title>Norsafe 1200 open - Marviken Marine<\/title>\n<meta name=\"description\" content=\"Norsafe 1200 open. Valmistettu koviin olosuhteisiin. T\u00e4ll\u00e4 veneell\u00e4 liikut mukavasti s\u00e4\u00e4st\u00e4 riippumatta\" \/>\n<meta name=\"robots\" content=\"index, follow, max-snippet:-1, max-image-preview:large, max-video-preview:-1\" \/>\n<link rel=\"canonical\" href=\"https:\/\/marvikenmarine.fi\/fi\/produkt\/norsafe-1200-open\/\" \/>\n<meta property=\"og:locale\" content=\"fi_FI\" \/>\n<meta property=\"og:type\" content=\"article\" \/>\n<meta property=\"og:title\" content=\"Norsafe 1200 open - Marviken Marine\" \/>\n<meta property=\"og:description\" content=\"Norsafe 1200 open. Valmistettu koviin olosuhteisiin. T\u00e4ll\u00e4 veneell\u00e4 liikut mukavasti s\u00e4\u00e4st\u00e4 riippumatta\" \/>\n<meta property=\"og:url\" content=\"https:\/\/marvikenmarine.fi\/fi\/produkt\/norsafe-1200-open\/\" \/>\n<meta property=\"og:site_name\" content=\"Marviken Marine\" \/>\n<meta property=\"article:modified_time\" content=\"2024-09-03T08:42:25+00:00\" \/>\n<meta property=\"og:image\" content=\"https:\/\/marvikenmarine.fi\/wp-content\/uploads\/2024\/07\/IMG_0015.jpg\" \/>\n\t<meta property=\"og:image:width\" content=\"1170\" \/>\n\t<meta property=\"og:image:height\" content=\"879\" \/>\n\t<meta property=\"og:image:type\" content=\"image\/jpeg\" \/>\n<meta name=\"twitter:card\" content=\"summary_large_image\" \/>\n<meta name=\"twitter:label1\" content=\"Arvioitu lukuaika\" \/>\n\t<meta name=\"twitter:data1\" content=\"1 minuutti\" \/>\n<script type=\"application\/ld+json\" class=\"yoast-schema-graph\">{\"@context\":\"https:\/\/schema.org\",\"@graph\":[{\"@type\":\"WebPage\",\"@id\":\"https:\/\/marvikenmarine.fi\/fi\/produkt\/norsafe-1200-open\/\",\"url\":\"https:\/\/marvikenmarine.fi\/fi\/produkt\/norsafe-1200-open\/\",\"name\":\"Norsafe 1200 open - Marviken Marine\",\"isPartOf\":{\"@id\":\"https:\/\/marvikenmarine.fi\/fi\/#website\"},\"primaryImageOfPage\":{\"@id\":\"https:\/\/marvikenmarine.fi\/fi\/produkt\/norsafe-1200-open\/#primaryimage\"},\"image\":{\"@id\":\"https:\/\/marvikenmarine.fi\/fi\/produkt\/norsafe-1200-open\/#primaryimage\"},\"thumbnailUrl\":\"https:\/\/marvikenmarine.fi\/wp-content\/uploads\/2024\/07\/IMG_0015.jpg\",\"datePublished\":\"2024-07-29T11:44:12+00:00\",\"dateModified\":\"2024-09-03T08:42:25+00:00\",\"description\":\"Norsafe 1200 open. Valmistettu koviin olosuhteisiin. T\u00e4ll\u00e4 veneell\u00e4 liikut mukavasti s\u00e4\u00e4st\u00e4 riippumatta\",\"breadcrumb\":{\"@id\":\"https:\/\/marvikenmarine.fi\/fi\/produkt\/norsafe-1200-open\/#breadcrumb\"},\"inLanguage\":\"fi\",\"potentialAction\":[{\"@type\":\"ReadAction\",\"target\":[\"https:\/\/marvikenmarine.fi\/fi\/produkt\/norsafe-1200-open\/\"]}]},{\"@type\":\"ImageObject\",\"inLanguage\":\"fi\",\"@id\":\"https:\/\/marvikenmarine.fi\/fi\/produkt\/norsafe-1200-open\/#primaryimage\",\"url\":\"https:\/\/marvikenmarine.fi\/wp-content\/uploads\/2024\/07\/IMG_0015.jpg\",\"contentUrl\":\"https:\/\/marvikenmarine.fi\/wp-content\/uploads\/2024\/07\/IMG_0015.jpg\",\"width\":1170,\"height\":879},{\"@type\":\"BreadcrumbList\",\"@id\":\"https:\/\/marvikenmarine.fi\/fi\/produkt\/norsafe-1200-open\/#breadcrumb\",\"itemListElement\":[{\"@type\":\"ListItem\",\"position\":1,\"name\":\"Hem\",\"item\":\"https:\/\/marvikenmarine.fi\/fi\/\"},{\"@type\":\"ListItem\",\"position\":2,\"name\":\"Butik\",\"item\":\"https:\/\/marvikenmarine.fi\/butik\/\"},{\"@type\":\"ListItem\",\"position\":3,\"name\":\"Norsafe 1200 open\"}]},{\"@type\":\"WebSite\",\"@id\":\"https:\/\/marvikenmarine.fi\/fi\/#website\",\"url\":\"https:\/\/marvikenmarine.fi\/fi\/\",\"name\":\"Marviken Marine\",\"description\":\"\",\"publisher\":{\"@id\":\"https:\/\/marvikenmarine.fi\/fi\/#organization\"},\"potentialAction\":[{\"@type\":\"SearchAction\",\"target\":{\"@type\":\"EntryPoint\",\"urlTemplate\":\"https:\/\/marvikenmarine.fi\/fi\/?s={search_term_string}\"},\"query-input\":{\"@type\":\"PropertyValueSpecification\",\"valueRequired\":true,\"valueName\":\"search_term_string\"}}],\"inLanguage\":\"fi\"},{\"@type\":\"Organization\",\"@id\":\"https:\/\/marvikenmarine.fi\/fi\/#organization\",\"name\":\"Marviken Marine\",\"url\":\"https:\/\/marvikenmarine.fi\/fi\/\",\"logo\":{\"@type\":\"ImageObject\",\"inLanguage\":\"fi\",\"@id\":\"https:\/\/marvikenmarine.fi\/fi\/#\/schema\/logo\/image\/\",\"url\":\"https:\/\/marvikenmarine.fi\/wp-content\/uploads\/2024\/06\/Logo2.png.png\",\"contentUrl\":\"https:\/\/marvikenmarine.fi\/wp-content\/uploads\/2024\/06\/Logo2.png.png\",\"width\":500,\"height\":500,\"caption\":\"Marviken Marine\"},\"image\":{\"@id\":\"https:\/\/marvikenmarine.fi\/fi\/#\/schema\/logo\/image\/\"}}]}<\/script>\n<!-- \/ Yoast SEO plugin. -->","yoast_head_json":{"title":"Norsafe 1200 open - Marviken Marine","description":"Norsafe 1200 open. Valmistettu koviin olosuhteisiin. T\u00e4ll\u00e4 veneell\u00e4 liikut mukavasti s\u00e4\u00e4st\u00e4 riippumatta","robots":{"index":"index","follow":"follow","max-snippet":"max-snippet:-1","max-image-preview":"max-image-preview:large","max-video-preview":"max-video-preview:-1"},"canonical":"https:\/\/marvikenmarine.fi\/fi\/produkt\/norsafe-1200-open\/","og_locale":"fi_FI","og_type":"article","og_title":"Norsafe 1200 open - Marviken Marine","og_description":"Norsafe 1200 open. Valmistettu koviin olosuhteisiin. T\u00e4ll\u00e4 veneell\u00e4 liikut mukavasti s\u00e4\u00e4st\u00e4 riippumatta","og_url":"https:\/\/marvikenmarine.fi\/fi\/produkt\/norsafe-1200-open\/","og_site_name":"Marviken Marine","article_modified_time":"2024-09-03T08:42:25+00:00","og_image":[{"width":1170,"height":879,"url":"https:\/\/marvikenmarine.fi\/wp-content\/uploads\/2024\/07\/IMG_0015.jpg","type":"image\/jpeg"}],"twitter_card":"summary_large_image","twitter_misc":{"Arvioitu lukuaika":"1 minuutti"},"schema":{"@context":"https:\/\/schema.org","@graph":[{"@type":"WebPage","@id":"https:\/\/marvikenmarine.fi\/fi\/produkt\/norsafe-1200-open\/","url":"https:\/\/marvikenmarine.fi\/fi\/produkt\/norsafe-1200-open\/","name":"Norsafe 1200 open - Marviken Marine","isPartOf":{"@id":"https:\/\/marvikenmarine.fi\/fi\/#website"},"primaryImageOfPage":{"@id":"https:\/\/marvikenmarine.fi\/fi\/produkt\/norsafe-1200-open\/#primaryimage"},"image":{"@id":"https:\/\/marvikenmarine.fi\/fi\/produkt\/norsafe-1200-open\/#primaryimage"},"thumbnailUrl":"https:\/\/marvikenmarine.fi\/wp-content\/uploads\/2024\/07\/IMG_0015.jpg","datePublished":"2024-07-29T11:44:12+00:00","dateModified":"2024-09-03T08:42:25+00:00","description":"Norsafe 1200 open. Valmistettu koviin olosuhteisiin. T\u00e4ll\u00e4 veneell\u00e4 liikut mukavasti s\u00e4\u00e4st\u00e4 riippumatta","breadcrumb":{"@id":"https:\/\/marvikenmarine.fi\/fi\/produkt\/norsafe-1200-open\/#breadcrumb"},"inLanguage":"fi","potentialAction":[{"@type":"ReadAction","target":["https:\/\/marvikenmarine.fi\/fi\/produkt\/norsafe-1200-open\/"]}]},{"@type":"ImageObject","inLanguage":"fi","@id":"https:\/\/marvikenmarine.fi\/fi\/produkt\/norsafe-1200-open\/#primaryimage","url":"https:\/\/marvikenmarine.fi\/wp-content\/uploads\/2024\/07\/IMG_0015.jpg","contentUrl":"https:\/\/marvikenmarine.fi\/wp-content\/uploads\/2024\/07\/IMG_0015.jpg","width":1170,"height":879},{"@type":"BreadcrumbList","@id":"https:\/\/marvikenmarine.fi\/fi\/produkt\/norsafe-1200-open\/#breadcrumb","itemListElement":[{"@type":"ListItem","position":1,"name":"Hem","item":"https:\/\/marvikenmarine.fi\/fi\/"},{"@type":"ListItem","position":2,"name":"Butik","item":"https:\/\/marvikenmarine.fi\/butik\/"},{"@type":"ListItem","position":3,"name":"Norsafe 1200 open"}]},{"@type":"WebSite","@id":"https:\/\/marvikenmarine.fi\/fi\/#website","url":"https:\/\/marvikenmarine.fi\/fi\/","name":"Marviken Marine","description":"","publisher":{"@id":"https:\/\/marvikenmarine.fi\/fi\/#organization"},"potentialAction":[{"@type":"SearchAction","target":{"@type":"EntryPoint","urlTemplate":"https:\/\/marvikenmarine.fi\/fi\/?s={search_term_string}"},"query-input":{"@type":"PropertyValueSpecification","valueRequired":true,"valueName":"search_term_string"}}],"inLanguage":"fi"},{"@type":"Organization","@id":"https:\/\/marvikenmarine.fi\/fi\/#organization","name":"Marviken Marine","url":"https:\/\/marvikenmarine.fi\/fi\/","logo":{"@type":"ImageObject","inLanguage":"fi","@id":"https:\/\/marvikenmarine.fi\/fi\/#\/schema\/logo\/image\/","url":"https:\/\/marvikenmarine.fi\/wp-content\/uploads\/2024\/06\/Logo2.png.png","contentUrl":"https:\/\/marvikenmarine.fi\/wp-content\/uploads\/2024\/06\/Logo2.png.png","width":500,"height":500,"caption":"Marviken Marine"},"image":{"@id":"https:\/\/marvikenmarine.fi\/fi\/#\/schema\/logo\/image\/"}}]}},"_links":{"self":[{"href":"https:\/\/marvikenmarine.fi\/fi\/wp-json\/wp\/v2\/product\/1141","targetHints":{"allow":["GET"]}}],"collection":[{"href":"https:\/\/marvikenmarine.fi\/fi\/wp-json\/wp\/v2\/product"}],"about":[{"href":"https:\/\/marvikenmarine.fi\/fi\/wp-json\/wp\/v2\/types\/product"}],"wp:featuredmedia":[{"embeddable":true,"href":"https:\/\/marvikenmarine.fi\/fi\/wp-json\/wp\/v2\/media\/1128"}],"wp:attachment":[{"href":"https:\/\/marvikenmarine.fi\/fi\/wp-json\/wp\/v2\/media?parent=1141"}],"wp:term":[{"taxonomy":"product_brand","embeddable":true,"href":"https:\/\/marvikenmarine.fi\/fi\/wp-json\/wp\/v2\/product_brand?post=1141"},{"taxonomy":"product_cat","embeddable":true,"href":"https:\/\/marvikenmarine.fi\/fi\/wp-json\/wp\/v2\/product_cat?post=1141"},{"taxonomy":"product_tag","embeddable":true,"href":"https:\/\/marvikenmarine.fi\/fi\/wp-json\/wp\/v2\/product_tag?post=1141"}],"curies":[{"name":"wp","href":"https:\/\/api.w.org\/{rel}","templated":true}]}}