{"id":1077,"date":"2024-07-25T11:39:12","date_gmt":"2024-07-25T08:39:12","guid":{"rendered":"https:\/\/marvikenmarine.fi\/?post_type=product&#038;p=1077"},"modified":"2025-03-12T13:09:26","modified_gmt":"2025-03-12T11:09:26","slug":"micore-51cc","status":"publish","type":"product","link":"https:\/\/marvikenmarine.fi\/fi\/produkt\/micore-51cc\/","title":{"rendered":"Micore 51cc"},"content":{"rendered":"<ul>\n<li>Pituus: 5,00m<\/li>\n<li>Leveys: 2,04m<\/li>\n<li>Paino: 530kg<\/li>\n<li>Moottori: 50-80hk<\/li>\n<\/ul>\n<p>Hinta alk.<\/p>\n<p>Micore 51cc + Honda 50hv 20.490\u20ac<\/p>\n<p>Micore 51cc + Honda 60hv 22.090\u20ac<\/p>\n<p>Micore 51cc + Honda 80hv 24.590\u20ac<\/p>\n<p>&nbsp;<\/p>\n<p>R Design<\/p>\n<p>Micore 51cc + Honda 50hv 21.490\u20ac<\/p>\n<p>Micore 51cc + Honda 60hv 23.090\u20ac<\/p>\n<p>Micore 51cc + Honda 80hv 25.590\u20ac<\/p>\n<p>&nbsp;<\/p>\n<p>Vakiovarusteet<\/p>\n<p>Tyynyt takapenkille<br \/>\nUimaportaat<br \/>\nSammutin<br \/>\nKulkuvalot<br \/>\nS\u00e4hk\u00f6 ja manuaalinen pilssipumppu<br \/>\nHaponkest\u00e4v\u00e4 pelti per\u00e4ss\u00e4<br \/>\nCalm cleat ankkuriliina<br \/>\nKuomu pulpetille<br \/>\nVaijeriohjaus<br \/>\nUSB pistorasia<br \/>\nSecurmark<\/p>\n<p>&nbsp;<\/p>\n<p>R-design vakiovarusteet<\/p>\n<p>R-design tyynyt<br \/>\nR-design dekaalit<br \/>\nMustat kaiteet<\/p>\n","protected":false},"excerpt":{"rendered":"<p>Koe merenkulun el\u00e4m\u00e4 t\u00e4ll\u00e4 5-metrisell\u00e4 veneell\u00e4, jossa on keskitetty ohjauspulpetti, t\u00e4ydellinen urheilu- ja vapaa-ajan aktiviteetteihin kuten saaristoretkiin, kalastukseen ja vesilajeihin. Veneen malli tulee my\u00f6s ainutlaatuisella R-muotoilulla, joka tekee siit\u00e4 urheilullisen ja katseet vangitsevan.<\/p>\n","protected":false},"featured_media":1050,"template":"","meta":[],"product_brand":[],"product_cat":[51],"product_tag":[],"class_list":{"0":"post-1077","1":"product","2":"type-product","3":"status-publish","4":"has-post-thumbnail","6":"product_cat-micore-fi","8":"first","9":"instock","10":"shipping-taxable","11":"purchasable","12":"product-type-simple"},"yoast_head":"<!-- This site is optimized with the Yoast SEO plugin v26.9 - https:\/\/yoast.com\/product\/yoast-seo-wordpress\/ -->\n<title>Micore 51cc - Marviken Marine<\/title>\n<meta name=\"description\" content=\"Koe merenkulun el\u00e4m\u00e4 t\u00e4ll\u00e4 5-metrisell\u00e4 veneell\u00e4, jossa on keskitetty ohjauspulpetti, t\u00e4ydellinen urheilu- ja vapaa-ajan aktiviteetteihin kuten saaristoretkiin, kalastukseen ja vesilajeihin. Veneen malli tulee my\u00f6s ainutlaatuisella R-muotoilulla, joka tekee siit\u00e4 urheilullisen ja katseet vangitsevan.\" \/>\n<meta name=\"robots\" content=\"index, follow, max-snippet:-1, max-image-preview:large, max-video-preview:-1\" \/>\n<link rel=\"canonical\" href=\"https:\/\/marvikenmarine.fi\/fi\/produkt\/micore-51cc\/\" \/>\n<meta property=\"og:locale\" content=\"fi_FI\" \/>\n<meta property=\"og:type\" content=\"article\" \/>\n<meta property=\"og:title\" content=\"Micore 51cc - Marviken Marine\" \/>\n<meta property=\"og:description\" content=\"Koe merenkulun el\u00e4m\u00e4 t\u00e4ll\u00e4 5-metrisell\u00e4 veneell\u00e4, jossa on keskitetty ohjauspulpetti, t\u00e4ydellinen urheilu- ja vapaa-ajan aktiviteetteihin kuten saaristoretkiin, kalastukseen ja vesilajeihin. Veneen malli tulee my\u00f6s ainutlaatuisella R-muotoilulla, joka tekee siit\u00e4 urheilullisen ja katseet vangitsevan.\" \/>\n<meta property=\"og:url\" content=\"https:\/\/marvikenmarine.fi\/fi\/produkt\/micore-51cc\/\" \/>\n<meta property=\"og:site_name\" content=\"Marviken Marine\" \/>\n<meta property=\"article:modified_time\" content=\"2025-03-12T11:09:26+00:00\" \/>\n<meta property=\"og:image\" content=\"https:\/\/marvikenmarine.fi\/wp-content\/uploads\/2024\/07\/MIC-51cc_7-scaled.jpg\" \/>\n\t<meta property=\"og:image:width\" content=\"1937\" \/>\n\t<meta property=\"og:image:height\" content=\"1293\" \/>\n\t<meta property=\"og:image:type\" content=\"image\/jpeg\" \/>\n<meta name=\"twitter:card\" content=\"summary_large_image\" \/>\n<meta name=\"twitter:label1\" content=\"Arvioitu lukuaika\" \/>\n\t<meta name=\"twitter:data1\" content=\"1 minuutti\" \/>\n<script type=\"application\/ld+json\" class=\"yoast-schema-graph\">{\"@context\":\"https:\/\/schema.org\",\"@graph\":[{\"@type\":\"WebPage\",\"@id\":\"https:\/\/marvikenmarine.fi\/fi\/produkt\/micore-51cc\/\",\"url\":\"https:\/\/marvikenmarine.fi\/fi\/produkt\/micore-51cc\/\",\"name\":\"Micore 51cc - Marviken Marine\",\"isPartOf\":{\"@id\":\"https:\/\/marvikenmarine.fi\/fi\/#website\"},\"primaryImageOfPage\":{\"@id\":\"https:\/\/marvikenmarine.fi\/fi\/produkt\/micore-51cc\/#primaryimage\"},\"image\":{\"@id\":\"https:\/\/marvikenmarine.fi\/fi\/produkt\/micore-51cc\/#primaryimage\"},\"thumbnailUrl\":\"https:\/\/marvikenmarine.fi\/wp-content\/uploads\/2024\/07\/MIC-51cc_7-scaled.jpg\",\"datePublished\":\"2024-07-25T08:39:12+00:00\",\"dateModified\":\"2025-03-12T11:09:26+00:00\",\"description\":\"Koe merenkulun el\u00e4m\u00e4 t\u00e4ll\u00e4 5-metrisell\u00e4 veneell\u00e4, jossa on keskitetty ohjauspulpetti, t\u00e4ydellinen urheilu- ja vapaa-ajan aktiviteetteihin kuten saaristoretkiin, kalastukseen ja vesilajeihin. Veneen malli tulee my\u00f6s ainutlaatuisella R-muotoilulla, joka tekee siit\u00e4 urheilullisen ja katseet vangitsevan.\",\"breadcrumb\":{\"@id\":\"https:\/\/marvikenmarine.fi\/fi\/produkt\/micore-51cc\/#breadcrumb\"},\"inLanguage\":\"fi\",\"potentialAction\":[{\"@type\":\"ReadAction\",\"target\":[\"https:\/\/marvikenmarine.fi\/fi\/produkt\/micore-51cc\/\"]}]},{\"@type\":\"ImageObject\",\"inLanguage\":\"fi\",\"@id\":\"https:\/\/marvikenmarine.fi\/fi\/produkt\/micore-51cc\/#primaryimage\",\"url\":\"https:\/\/marvikenmarine.fi\/wp-content\/uploads\/2024\/07\/MIC-51cc_7-scaled.jpg\",\"contentUrl\":\"https:\/\/marvikenmarine.fi\/wp-content\/uploads\/2024\/07\/MIC-51cc_7-scaled.jpg\",\"width\":1937,\"height\":1293},{\"@type\":\"BreadcrumbList\",\"@id\":\"https:\/\/marvikenmarine.fi\/fi\/produkt\/micore-51cc\/#breadcrumb\",\"itemListElement\":[{\"@type\":\"ListItem\",\"position\":1,\"name\":\"Hem\",\"item\":\"https:\/\/marvikenmarine.fi\/fi\/\"},{\"@type\":\"ListItem\",\"position\":2,\"name\":\"Butik\",\"item\":\"https:\/\/marvikenmarine.fi\/butik\/\"},{\"@type\":\"ListItem\",\"position\":3,\"name\":\"Micore 51cc\"}]},{\"@type\":\"WebSite\",\"@id\":\"https:\/\/marvikenmarine.fi\/fi\/#website\",\"url\":\"https:\/\/marvikenmarine.fi\/fi\/\",\"name\":\"Marviken Marine\",\"description\":\"\",\"publisher\":{\"@id\":\"https:\/\/marvikenmarine.fi\/fi\/#organization\"},\"potentialAction\":[{\"@type\":\"SearchAction\",\"target\":{\"@type\":\"EntryPoint\",\"urlTemplate\":\"https:\/\/marvikenmarine.fi\/fi\/?s={search_term_string}\"},\"query-input\":{\"@type\":\"PropertyValueSpecification\",\"valueRequired\":true,\"valueName\":\"search_term_string\"}}],\"inLanguage\":\"fi\"},{\"@type\":\"Organization\",\"@id\":\"https:\/\/marvikenmarine.fi\/fi\/#organization\",\"name\":\"Marviken Marine\",\"url\":\"https:\/\/marvikenmarine.fi\/fi\/\",\"logo\":{\"@type\":\"ImageObject\",\"inLanguage\":\"fi\",\"@id\":\"https:\/\/marvikenmarine.fi\/fi\/#\/schema\/logo\/image\/\",\"url\":\"https:\/\/marvikenmarine.fi\/wp-content\/uploads\/2024\/06\/Logo2.png.png\",\"contentUrl\":\"https:\/\/marvikenmarine.fi\/wp-content\/uploads\/2024\/06\/Logo2.png.png\",\"width\":500,\"height\":500,\"caption\":\"Marviken Marine\"},\"image\":{\"@id\":\"https:\/\/marvikenmarine.fi\/fi\/#\/schema\/logo\/image\/\"}}]}<\/script>\n<!-- \/ Yoast SEO plugin. -->","yoast_head_json":{"title":"Micore 51cc - Marviken Marine","description":"Koe merenkulun el\u00e4m\u00e4 t\u00e4ll\u00e4 5-metrisell\u00e4 veneell\u00e4, jossa on keskitetty ohjauspulpetti, t\u00e4ydellinen urheilu- ja vapaa-ajan aktiviteetteihin kuten saaristoretkiin, kalastukseen ja vesilajeihin. Veneen malli tulee my\u00f6s ainutlaatuisella R-muotoilulla, joka tekee siit\u00e4 urheilullisen ja katseet vangitsevan.","robots":{"index":"index","follow":"follow","max-snippet":"max-snippet:-1","max-image-preview":"max-image-preview:large","max-video-preview":"max-video-preview:-1"},"canonical":"https:\/\/marvikenmarine.fi\/fi\/produkt\/micore-51cc\/","og_locale":"fi_FI","og_type":"article","og_title":"Micore 51cc - Marviken Marine","og_description":"Koe merenkulun el\u00e4m\u00e4 t\u00e4ll\u00e4 5-metrisell\u00e4 veneell\u00e4, jossa on keskitetty ohjauspulpetti, t\u00e4ydellinen urheilu- ja vapaa-ajan aktiviteetteihin kuten saaristoretkiin, kalastukseen ja vesilajeihin. Veneen malli tulee my\u00f6s ainutlaatuisella R-muotoilulla, joka tekee siit\u00e4 urheilullisen ja katseet vangitsevan.","og_url":"https:\/\/marvikenmarine.fi\/fi\/produkt\/micore-51cc\/","og_site_name":"Marviken Marine","article_modified_time":"2025-03-12T11:09:26+00:00","og_image":[{"width":1937,"height":1293,"url":"https:\/\/marvikenmarine.fi\/wp-content\/uploads\/2024\/07\/MIC-51cc_7-scaled.jpg","type":"image\/jpeg"}],"twitter_card":"summary_large_image","twitter_misc":{"Arvioitu lukuaika":"1 minuutti"},"schema":{"@context":"https:\/\/schema.org","@graph":[{"@type":"WebPage","@id":"https:\/\/marvikenmarine.fi\/fi\/produkt\/micore-51cc\/","url":"https:\/\/marvikenmarine.fi\/fi\/produkt\/micore-51cc\/","name":"Micore 51cc - Marviken Marine","isPartOf":{"@id":"https:\/\/marvikenmarine.fi\/fi\/#website"},"primaryImageOfPage":{"@id":"https:\/\/marvikenmarine.fi\/fi\/produkt\/micore-51cc\/#primaryimage"},"image":{"@id":"https:\/\/marvikenmarine.fi\/fi\/produkt\/micore-51cc\/#primaryimage"},"thumbnailUrl":"https:\/\/marvikenmarine.fi\/wp-content\/uploads\/2024\/07\/MIC-51cc_7-scaled.jpg","datePublished":"2024-07-25T08:39:12+00:00","dateModified":"2025-03-12T11:09:26+00:00","description":"Koe merenkulun el\u00e4m\u00e4 t\u00e4ll\u00e4 5-metrisell\u00e4 veneell\u00e4, jossa on keskitetty ohjauspulpetti, t\u00e4ydellinen urheilu- ja vapaa-ajan aktiviteetteihin kuten saaristoretkiin, kalastukseen ja vesilajeihin. Veneen malli tulee my\u00f6s ainutlaatuisella R-muotoilulla, joka tekee siit\u00e4 urheilullisen ja katseet vangitsevan.","breadcrumb":{"@id":"https:\/\/marvikenmarine.fi\/fi\/produkt\/micore-51cc\/#breadcrumb"},"inLanguage":"fi","potentialAction":[{"@type":"ReadAction","target":["https:\/\/marvikenmarine.fi\/fi\/produkt\/micore-51cc\/"]}]},{"@type":"ImageObject","inLanguage":"fi","@id":"https:\/\/marvikenmarine.fi\/fi\/produkt\/micore-51cc\/#primaryimage","url":"https:\/\/marvikenmarine.fi\/wp-content\/uploads\/2024\/07\/MIC-51cc_7-scaled.jpg","contentUrl":"https:\/\/marvikenmarine.fi\/wp-content\/uploads\/2024\/07\/MIC-51cc_7-scaled.jpg","width":1937,"height":1293},{"@type":"BreadcrumbList","@id":"https:\/\/marvikenmarine.fi\/fi\/produkt\/micore-51cc\/#breadcrumb","itemListElement":[{"@type":"ListItem","position":1,"name":"Hem","item":"https:\/\/marvikenmarine.fi\/fi\/"},{"@type":"ListItem","position":2,"name":"Butik","item":"https:\/\/marvikenmarine.fi\/butik\/"},{"@type":"ListItem","position":3,"name":"Micore 51cc"}]},{"@type":"WebSite","@id":"https:\/\/marvikenmarine.fi\/fi\/#website","url":"https:\/\/marvikenmarine.fi\/fi\/","name":"Marviken Marine","description":"","publisher":{"@id":"https:\/\/marvikenmarine.fi\/fi\/#organization"},"potentialAction":[{"@type":"SearchAction","target":{"@type":"EntryPoint","urlTemplate":"https:\/\/marvikenmarine.fi\/fi\/?s={search_term_string}"},"query-input":{"@type":"PropertyValueSpecification","valueRequired":true,"valueName":"search_term_string"}}],"inLanguage":"fi"},{"@type":"Organization","@id":"https:\/\/marvikenmarine.fi\/fi\/#organization","name":"Marviken Marine","url":"https:\/\/marvikenmarine.fi\/fi\/","logo":{"@type":"ImageObject","inLanguage":"fi","@id":"https:\/\/marvikenmarine.fi\/fi\/#\/schema\/logo\/image\/","url":"https:\/\/marvikenmarine.fi\/wp-content\/uploads\/2024\/06\/Logo2.png.png","contentUrl":"https:\/\/marvikenmarine.fi\/wp-content\/uploads\/2024\/06\/Logo2.png.png","width":500,"height":500,"caption":"Marviken Marine"},"image":{"@id":"https:\/\/marvikenmarine.fi\/fi\/#\/schema\/logo\/image\/"}}]}},"_links":{"self":[{"href":"https:\/\/marvikenmarine.fi\/fi\/wp-json\/wp\/v2\/product\/1077","targetHints":{"allow":["GET"]}}],"collection":[{"href":"https:\/\/marvikenmarine.fi\/fi\/wp-json\/wp\/v2\/product"}],"about":[{"href":"https:\/\/marvikenmarine.fi\/fi\/wp-json\/wp\/v2\/types\/product"}],"wp:featuredmedia":[{"embeddable":true,"href":"https:\/\/marvikenmarine.fi\/fi\/wp-json\/wp\/v2\/media\/1050"}],"wp:attachment":[{"href":"https:\/\/marvikenmarine.fi\/fi\/wp-json\/wp\/v2\/media?parent=1077"}],"wp:term":[{"taxonomy":"product_brand","embeddable":true,"href":"https:\/\/marvikenmarine.fi\/fi\/wp-json\/wp\/v2\/product_brand?post=1077"},{"taxonomy":"product_cat","embeddable":true,"href":"https:\/\/marvikenmarine.fi\/fi\/wp-json\/wp\/v2\/product_cat?post=1077"},{"taxonomy":"product_tag","embeddable":true,"href":"https:\/\/marvikenmarine.fi\/fi\/wp-json\/wp\/v2\/product_tag?post=1077"}],"curies":[{"name":"wp","href":"https:\/\/api.w.org\/{rel}","templated":true}]}}