{"id":716,"date":"2024-06-18T17:17:14","date_gmt":"2024-06-18T14:17:14","guid":{"rendered":"https:\/\/marvikenmarine.fi\/?page_id=716"},"modified":"2024-07-29T12:27:19","modified_gmt":"2024-07-29T09:27:19","slug":"veneiden-huolto-ja-kuljetus","status":"publish","type":"page","link":"https:\/\/marvikenmarine.fi\/fi\/veneiden-huolto-ja-kuljetus\/","title":{"rendered":"Veneiden huolto ja kuljetus"},"content":{"rendered":"<p><div class=\"fusion-fullwidth fullwidth-box fusion-builder-row-1 fusion-flex-container has-pattern-background has-mask-background fusion-parallax-none nonhundred-percent-fullwidth non-hundred-percent-height-scrolling\" style=\"--awb-border-radius-top-left:0px;--awb-border-radius-top-right:0px;--awb-border-radius-bottom-right:0px;--awb-border-radius-bottom-left:0px;--awb-min-height:550px;--awb-min-height-medium:400px;--awb-min-height-small:250px;--awb-background-image:url(&quot;https:\/\/marvikenmarine.fi\/wp-content\/uploads\/2024\/06\/boat-detailing-experience-scaled.jpg&quot;);--awb-background-size:cover;--awb-flex-wrap:wrap;\" ><div class=\"fusion-builder-row fusion-row fusion-flex-align-items-flex-start fusion-flex-content-wrap\" style=\"max-width:1664px;margin-left: calc(-4% \/ 2 );margin-right: calc(-4% \/ 2 );\"><\/div><\/div><div class=\"fusion-fullwidth fullwidth-box fusion-builder-row-2 fusion-flex-container has-pattern-background has-mask-background nonhundred-percent-fullwidth non-hundred-percent-height-scrolling\" style=\"--awb-border-radius-top-left:0px;--awb-border-radius-top-right:0px;--awb-border-radius-bottom-right:0px;--awb-border-radius-bottom-left:0px;--awb-flex-wrap:wrap;\" ><div class=\"fusion-builder-row fusion-row fusion-flex-align-items-flex-start fusion-flex-content-wrap\" style=\"max-width:1664px;margin-left: calc(-4% \/ 2 );margin-right: calc(-4% \/ 2 );\"><div class=\"fusion-layout-column fusion_builder_column fusion-builder-column-0 fusion_builder_column_1_2 1_2 fusion-flex-column\" style=\"--awb-padding-top:40px;--awb-padding-right:40px;--awb-padding-bottom:40px;--awb-padding-left:40px;--awb-bg-color:var(--awb-color1);--awb-bg-color-hover:var(--awb-color1);--awb-bg-size:cover;--awb-width-large:50%;--awb-margin-top-large:40px;--awb-spacing-right-large:3.84%;--awb-margin-bottom-large:40px;--awb-spacing-left-large:3.84%;--awb-width-medium:50%;--awb-order-medium:0;--awb-spacing-right-medium:3.84%;--awb-spacing-left-medium:3.84%;--awb-width-small:100%;--awb-order-small:0;--awb-spacing-right-small:1.92%;--awb-spacing-left-small:1.92%;\" data-scroll-devices=\"small-visibility,medium-visibility,large-visibility\"><div class=\"fusion-column-wrapper fusion-column-has-shadow fusion-flex-justify-content-flex-start fusion-content-layout-column\"><div class=\"fusion-text fusion-text-1\"><h2>Veneiden huolto ja kuljetus<\/h2>\n<p>Me ymm\u00e4rr\u00e4mme, kuinka t\u00e4rke\u00e4\u00e4 on pit\u00e4\u00e4 veneesi huippukunnossa ymp\u00e4ri vuoden, ja tarjoamme kattavia palveluita varmistaaksemme, ett\u00e4 veneesi on valmis kohtaamaan aallot kauden alkaessa.<\/p>\n<h2>Huolto<\/h2>\n<p>Kokenut huoltotiimimme tarjoaa kattavaa vuosihuoltoa, korjauksia, asennuksia, pesuja ja pohjamaalausta veneille. Varmistamme, ett\u00e4 veneesi on aina parhaassa mahdollisessa kunnossa.<\/p>\n<h2>Venekuljetus<\/h2>\n<p>Tarvitsetko venekuljetusta? Tarjoamme luotettavia ja turvallisia venekuljetuksia sek\u00e4 Suomessa ett\u00e4 kansainv\u00e4lisesti. Tiimill\u00e4mme on pitk\u00e4 kokemus kaikenlaisten veneiden k\u00e4sittelyst\u00e4, ja varmistamme, ett\u00e4 veneesi saapuu perille t\u00e4ydellisess\u00e4 kunnossa.<\/p>\n<\/div><div class=\"fusion-text fusion-text-2\"><h2>Vuokrattavana<\/h2>\n<\/div><div class=\"fusion-woo-product-grid fusion-product-archive fusion-woo-product-grid-1 has-column-spacing\" style=\"--awb-column-spacing-margin:calc((30px)\/ -2);--awb-column-spacing-padding:calc((30px)\/ 2);\"><ul class=\"products products-2\"><li class=\"product type-product post-1347 status-publish first instock product_cat-vuokrattavana has-post-thumbnail shipping-taxable purchasable product-type-simple product-grid-view\">\n\t<div class=\"fusion-product-wrapper\">\n\n<div class=\"fusion-clean-product-image-wrapper \">\n\t<div  class=\"fusion-image-wrapper fusion-image-size-fixed\" aria-haspopup=\"true\">\n\t\t\t\t\t\t\t<a href=\"https:\/\/marvikenmarine.fi\/fi\/produkt\/aku-600kg\/\" aria-label=\"Aku 600kg\">\n\t\t\t\t\t\t\t<img decoding=\"async\" width=\"500\" height=\"375\" src=\"https:\/\/marvikenmarine.fi\/wp-content\/uploads\/2024\/09\/ec0503ak_1920_1280-500x375.jpg\" class=\"attachment-woocommerce_thumbnail size-woocommerce_thumbnail wp-post-image\" alt=\"\" \/><div class=\"cart-loading\"><i class=\"awb-icon-spinner\" aria-hidden=\"true\"><\/i><\/div>\t\t\t<\/a>\n\t\t\t\t\t\t\t<\/div>\n<\/div>\n<div class=\"fusion-product-content\">\n\t<div class=\"product-details\">\n\t\t<div class=\"product-details-container\">\n<h3 class=\"product-title\">\n\t<a href=\"https:\/\/marvikenmarine.fi\/fi\/produkt\/aku-600kg\/\">\n\t\tAku 600kg\t<\/a>\n<\/h3>\n<div class=\"fusion-price-rating\">\n\n\t<span class=\"price\"><span class=\"woocommerce-Price-amount amount\"><bdi>60,00&nbsp;<span class=\"woocommerce-Price-currencySymbol\">&euro;<\/span><\/bdi><\/span><\/span>\n\t\t<\/div>\n\t<\/div>\n<\/div>\n\n\t<\/div> \n\n\n<\/div>\n<\/li>\n<\/ul><div class=\"fusion-woo-product-grid-pagination fusion-clearfix\"><nav class=\"woocommerce-pagination\" aria-label=\"Product Pagination\">\n\t<span aria-label=\"Sivu 1\" aria-current=\"page\" class=\"page-numbers current\">1<\/span>\n<a aria-label=\"Sivu 2\" class=\"page-numbers\" href=\"https:\/\/marvikenmarine.fi\/fi\/wp-json\/wp\/v2\/pages\/716\/page\/2\/\">2<\/a>\n<a class=\"next page-numbers\" href=\"https:\/\/marvikenmarine.fi\/fi\/wp-json\/wp\/v2\/pages\/716\/page\/2\/\"><span class=\"page-text\">Next<\/span><span class=\"page-next\"><\/span><\/a><\/nav>\n<\/div><\/div><\/div><\/div><div class=\"fusion-layout-column fusion_builder_column fusion-builder-column-1 fusion_builder_column_1_2 1_2 fusion-flex-column\" style=\"--awb-padding-top:40px;--awb-padding-right:40px;--awb-padding-bottom:40px;--awb-padding-left:40px;--awb-bg-color:var(--awb-color1);--awb-bg-color-hover:var(--awb-color1);--awb-bg-size:cover;--awb-width-large:50%;--awb-margin-top-large:40px;--awb-spacing-right-large:3.84%;--awb-margin-bottom-large:40px;--awb-spacing-left-large:3.84%;--awb-width-medium:50%;--awb-order-medium:0;--awb-spacing-right-medium:3.84%;--awb-spacing-left-medium:3.84%;--awb-width-small:100%;--awb-order-small:0;--awb-spacing-right-small:1.92%;--awb-spacing-left-small:1.92%;\" data-scroll-devices=\"small-visibility,medium-visibility,large-visibility\"><div class=\"fusion-column-wrapper fusion-column-has-shadow fusion-flex-justify-content-flex-start fusion-content-layout-column\"><div class=\"fusion-text fusion-text-3\"><h2>Ota yhteytt\u00e4<\/h2>\n<div class=\"fusion-text fusion-text-2 fusion-text-no-margin\">\n<p>\u00c4l\u00e4 ep\u00e4r\u00f6i ottaa yhteytt\u00e4 Marviken Marineen keskustellaksesi tarpeistasi ja varataksesi palveluitamme. Odotamme innolla auttaaksemme sinua pit\u00e4m\u00e4\u00e4n veneesi t\u00e4ydellisess\u00e4 kunnossa, vuodenajasta riippumatta.<\/p>\n<\/div>\n<\/div><div class=\"fusion-text fusion-text-4\"><p><script type=\"text\/javascript\">\n\/* <![CDATA[ *\/\nvar gform;gform||(document.addEventListener(\"gform_main_scripts_loaded\",function()),document.addEventListener(\"gform\/theme\/scripts_loaded\",function()),window.addEventListener(\"DOMContentLoaded\",function()),gform=);\n\/* ]]> *\/\n<\/script><\/p>\n<div class='gf_browser_gecko gform_wrapper gravity-theme gform-theme--no-framework' data-form-theme='gravity-theme' data-form-index='0' id='gform_wrapper_5' >\n<div class='gform_heading'>\n<p class='gform_description'>\n<\/p><\/div>\n<form method='post' enctype='multipart\/form-data'  id='gform_5'  action='\/fi\/wp-json\/wp\/v2\/pages\/716' data-formid='5' novalidate>\n<div class='gform-body gform_body'>\n<div id='gform_fields_5' class='gform_fields top_label form_sublabel_above description_above validation_below'>\n<div id=\"field_5_4\" class=\"gfield gfield--type-text gfield--input-type-text gfield--width-half gfield_contains_required field_sublabel_above gfield--no-description field_description_above field_validation_below gfield_visibility_visible\"  ><label class='gfield_label gform-field-label' for='input_5_4'>Nimesi<span class=\"gfield_required\"><span class=\"gfield_required gfield_required_text\">(Pakollinen)<\/span><\/span><\/label><\/p>\n<div class='ginput_container ginput_container_text'><input name='input_4' id='input_5_4' type='text' value='' class='large'     aria-required=\"true\" aria-invalid=\"false\"   \/><\/div>\n<\/div>\n<div id=\"field_5_5\" class=\"gfield gfield--type-text gfield--input-type-text gfield--width-half field_sublabel_above gfield--no-description field_description_above field_validation_below gfield_visibility_visible\"  ><label class='gfield_label gform-field-label' for='input_5_5'>Puhelinnumero<\/label><\/p>\n<div class='ginput_container ginput_container_text'><input name='input_5' id='input_5_5' type='text' value='' class='large'      aria-invalid=\"false\"   \/><\/div>\n<\/div>\n<div id=\"field_5_2\" class=\"gfield gfield--type-email gfield--input-type-email gfield_contains_required field_sublabel_above gfield--no-description field_description_above field_validation_below gfield_visibility_visible\"  ><label class='gfield_label gform-field-label' for='input_5_2'>S\u00e4hk\u00f6posti<span class=\"gfield_required\"><span class=\"gfield_required gfield_required_text\">(Pakollinen)<\/span><\/span><\/label><\/p>\n<div class='ginput_container ginput_container_email'>\n                            <input name='input_2' id='input_5_2' type='email' value='' class='large'    aria-required=\"true\" aria-invalid=\"false\"  \/>\n                        <\/div>\n<\/div>\n<div id=\"field_5_3\" class=\"gfield gfield--type-textarea gfield--input-type-textarea gfield_contains_required field_sublabel_above gfield--no-description field_description_above field_validation_below gfield_visibility_visible\"  ><label class='gfield_label gform-field-label' for='input_5_3'>Viesti<span class=\"gfield_required\"><span class=\"gfield_required gfield_required_text\">(Pakollinen)<\/span><\/span><\/label><\/p>\n<div class='ginput_container ginput_container_textarea'><textarea name='input_3' id='input_5_3' class='textarea medium'     aria-required=\"true\" aria-invalid=\"false\"   rows='10' cols='50'><\/textarea><\/div>\n<\/div>\n<\/div>\n<\/div>\n<div class='gform-footer gform_footer top_label'> <input type='submit' id='gform_submit_button_5' class='gform_button button' onclick='gform.submission.handleButtonClick(this);' data-submission-type='submit' value='L\u00e4het\u00e4'  \/> \n            <input type='hidden' class='gform_hidden' name='gform_submission_method' data-js='gform_submission_method_5' value='postback' \/>\n            <input type='hidden' class='gform_hidden' name='gform_theme' data-js='gform_theme_5' id='gform_theme_5' value='gravity-theme' \/>\n            <input type='hidden' class='gform_hidden' name='gform_style_settings' data-js='gform_style_settings_5' id='gform_style_settings_5' value='' \/>\n            <input type='hidden' class='gform_hidden' name='is_submit_5' value='1' \/>\n            <input type='hidden' class='gform_hidden' name='gform_submit' value='5' \/><\/p>\n<p>            <input type='hidden' class='gform_hidden' name='gform_currency' data-currency='EUR' value='HqIxpuV8+GNcQ4+u1Q7YPJP0GrHE0VyKsxPPbnY\/zb\/Gf+hTYZFXZZL2v5n8fWr4M2YVY+dteQ7cGObYc\/gxmjaI+KJGuUrsXQVY7AnQC0ZHSr4=' \/>\n            <input type='hidden' class='gform_hidden' name='gform_unique_id' value='' \/>\n            <input type='hidden' class='gform_hidden' name='state_5' value='WyJbXSIsIjExYTVhZTZkNDhhNjNhZmE1ZjI2M2FiZjlmNzc5NDNlIl0=' \/>\n            <input type='hidden' autocomplete='off' class='gform_hidden' name='gform_target_page_number_5' id='gform_target_page_number_5' value='0' \/>\n            <input type='hidden' autocomplete='off' class='gform_hidden' name='gform_source_page_number_5' id='gform_source_page_number_5' value='1' \/>\n            <input type='hidden' name='gform_field_values' value='' \/><\/p><\/div>\n<\/p><\/form>\n<\/p><\/div>\n<p><script type=\"text\/javascript\">\n\/* <![CDATA[ *\/\n gform.initializeOnLoaded( function() {gformInitSpinner( 5, 'https:\/\/marvikenmarine.fi\/wp-content\/plugins\/gravityforms\/images\/spinner.svg', true );jQuery('#gform_ajax_frame_5').on('load',function() ); \n\/* ]]> *\/\n<\/script><\/p>\n<p>\u00a0<\/p>\n<\/div><\/div><\/div><\/div><\/div><\/p>","protected":false},"excerpt":{"rendered":"","protected":false},"author":1,"featured_media":0,"parent":0,"menu_order":0,"comment_status":"closed","ping_status":"closed","template":"100-width.php","meta":{"footnotes":""},"class_list":["post-716","page","type-page","status-publish","hentry"],"yoast_head":"<!-- This site is optimized with the Yoast SEO plugin v26.9 - https:\/\/yoast.com\/product\/yoast-seo-wordpress\/ -->\n<title>Veneiden huolto ja kuljetus - Marviken Marine<\/title>\n<meta name=\"robots\" content=\"index, follow, max-snippet:-1, max-image-preview:large, max-video-preview:-1\" \/>\n<link rel=\"canonical\" href=\"https:\/\/marvikenmarine.fi\/fi\/veneiden-huolto-ja-kuljetus\/\" \/>\n<meta property=\"og:locale\" content=\"fi_FI\" \/>\n<meta property=\"og:type\" content=\"article\" \/>\n<meta property=\"og:title\" content=\"Veneiden huolto ja kuljetus - Marviken Marine\" \/>\n<meta property=\"og:url\" content=\"https:\/\/marvikenmarine.fi\/fi\/veneiden-huolto-ja-kuljetus\/\" \/>\n<meta property=\"og:site_name\" content=\"Marviken Marine\" \/>\n<meta property=\"article:modified_time\" content=\"2024-07-29T09:27:19+00:00\" \/>\n<meta name=\"twitter:card\" content=\"summary_large_image\" \/>\n<meta name=\"twitter:label1\" content=\"Arvioitu lukuaika\" \/>\n\t<meta name=\"twitter:data1\" content=\"1 minuutti\" \/>\n<script type=\"application\/ld+json\" class=\"yoast-schema-graph\">{\"@context\":\"https:\/\/schema.org\",\"@graph\":[{\"@type\":\"WebPage\",\"@id\":\"https:\/\/marvikenmarine.fi\/fi\/veneiden-huolto-ja-kuljetus\/\",\"url\":\"https:\/\/marvikenmarine.fi\/fi\/veneiden-huolto-ja-kuljetus\/\",\"name\":\"Veneiden huolto ja kuljetus - Marviken Marine\",\"isPartOf\":{\"@id\":\"https:\/\/marvikenmarine.fi\/fi\/#website\"},\"datePublished\":\"2024-06-18T14:17:14+00:00\",\"dateModified\":\"2024-07-29T09:27:19+00:00\",\"breadcrumb\":{\"@id\":\"https:\/\/marvikenmarine.fi\/fi\/veneiden-huolto-ja-kuljetus\/#breadcrumb\"},\"inLanguage\":\"fi\",\"potentialAction\":[{\"@type\":\"ReadAction\",\"target\":[\"https:\/\/marvikenmarine.fi\/fi\/veneiden-huolto-ja-kuljetus\/\"]}]},{\"@type\":\"BreadcrumbList\",\"@id\":\"https:\/\/marvikenmarine.fi\/fi\/veneiden-huolto-ja-kuljetus\/#breadcrumb\",\"itemListElement\":[{\"@type\":\"ListItem\",\"position\":1,\"name\":\"Hem\",\"item\":\"https:\/\/marvikenmarine.fi\/fi\/\"},{\"@type\":\"ListItem\",\"position\":2,\"name\":\"Veneiden huolto ja kuljetus\"}]},{\"@type\":\"WebSite\",\"@id\":\"https:\/\/marvikenmarine.fi\/fi\/#website\",\"url\":\"https:\/\/marvikenmarine.fi\/fi\/\",\"name\":\"Marviken Marine\",\"description\":\"\",\"publisher\":{\"@id\":\"https:\/\/marvikenmarine.fi\/fi\/#organization\"},\"potentialAction\":[{\"@type\":\"SearchAction\",\"target\":{\"@type\":\"EntryPoint\",\"urlTemplate\":\"https:\/\/marvikenmarine.fi\/fi\/?s={search_term_string}\"},\"query-input\":{\"@type\":\"PropertyValueSpecification\",\"valueRequired\":true,\"valueName\":\"search_term_string\"}}],\"inLanguage\":\"fi\"},{\"@type\":\"Organization\",\"@id\":\"https:\/\/marvikenmarine.fi\/fi\/#organization\",\"name\":\"Marviken Marine\",\"url\":\"https:\/\/marvikenmarine.fi\/fi\/\",\"logo\":{\"@type\":\"ImageObject\",\"inLanguage\":\"fi\",\"@id\":\"https:\/\/marvikenmarine.fi\/fi\/#\/schema\/logo\/image\/\",\"url\":\"https:\/\/marvikenmarine.fi\/wp-content\/uploads\/2024\/06\/Logo2.png.png\",\"contentUrl\":\"https:\/\/marvikenmarine.fi\/wp-content\/uploads\/2024\/06\/Logo2.png.png\",\"width\":500,\"height\":500,\"caption\":\"Marviken Marine\"},\"image\":{\"@id\":\"https:\/\/marvikenmarine.fi\/fi\/#\/schema\/logo\/image\/\"}}]}<\/script>\n<!-- \/ Yoast SEO plugin. -->","yoast_head_json":{"title":"Veneiden huolto ja kuljetus - Marviken Marine","robots":{"index":"index","follow":"follow","max-snippet":"max-snippet:-1","max-image-preview":"max-image-preview:large","max-video-preview":"max-video-preview:-1"},"canonical":"https:\/\/marvikenmarine.fi\/fi\/veneiden-huolto-ja-kuljetus\/","og_locale":"fi_FI","og_type":"article","og_title":"Veneiden huolto ja kuljetus - Marviken Marine","og_url":"https:\/\/marvikenmarine.fi\/fi\/veneiden-huolto-ja-kuljetus\/","og_site_name":"Marviken Marine","article_modified_time":"2024-07-29T09:27:19+00:00","twitter_card":"summary_large_image","twitter_misc":{"Arvioitu lukuaika":"1 minuutti"},"schema":{"@context":"https:\/\/schema.org","@graph":[{"@type":"WebPage","@id":"https:\/\/marvikenmarine.fi\/fi\/veneiden-huolto-ja-kuljetus\/","url":"https:\/\/marvikenmarine.fi\/fi\/veneiden-huolto-ja-kuljetus\/","name":"Veneiden huolto ja kuljetus - Marviken Marine","isPartOf":{"@id":"https:\/\/marvikenmarine.fi\/fi\/#website"},"datePublished":"2024-06-18T14:17:14+00:00","dateModified":"2024-07-29T09:27:19+00:00","breadcrumb":{"@id":"https:\/\/marvikenmarine.fi\/fi\/veneiden-huolto-ja-kuljetus\/#breadcrumb"},"inLanguage":"fi","potentialAction":[{"@type":"ReadAction","target":["https:\/\/marvikenmarine.fi\/fi\/veneiden-huolto-ja-kuljetus\/"]}]},{"@type":"BreadcrumbList","@id":"https:\/\/marvikenmarine.fi\/fi\/veneiden-huolto-ja-kuljetus\/#breadcrumb","itemListElement":[{"@type":"ListItem","position":1,"name":"Hem","item":"https:\/\/marvikenmarine.fi\/fi\/"},{"@type":"ListItem","position":2,"name":"Veneiden huolto ja kuljetus"}]},{"@type":"WebSite","@id":"https:\/\/marvikenmarine.fi\/fi\/#website","url":"https:\/\/marvikenmarine.fi\/fi\/","name":"Marviken Marine","description":"","publisher":{"@id":"https:\/\/marvikenmarine.fi\/fi\/#organization"},"potentialAction":[{"@type":"SearchAction","target":{"@type":"EntryPoint","urlTemplate":"https:\/\/marvikenmarine.fi\/fi\/?s={search_term_string}"},"query-input":{"@type":"PropertyValueSpecification","valueRequired":true,"valueName":"search_term_string"}}],"inLanguage":"fi"},{"@type":"Organization","@id":"https:\/\/marvikenmarine.fi\/fi\/#organization","name":"Marviken Marine","url":"https:\/\/marvikenmarine.fi\/fi\/","logo":{"@type":"ImageObject","inLanguage":"fi","@id":"https:\/\/marvikenmarine.fi\/fi\/#\/schema\/logo\/image\/","url":"https:\/\/marvikenmarine.fi\/wp-content\/uploads\/2024\/06\/Logo2.png.png","contentUrl":"https:\/\/marvikenmarine.fi\/wp-content\/uploads\/2024\/06\/Logo2.png.png","width":500,"height":500,"caption":"Marviken Marine"},"image":{"@id":"https:\/\/marvikenmarine.fi\/fi\/#\/schema\/logo\/image\/"}}]}},"_links":{"self":[{"href":"https:\/\/marvikenmarine.fi\/fi\/wp-json\/wp\/v2\/pages\/716","targetHints":{"allow":["GET"]}}],"collection":[{"href":"https:\/\/marvikenmarine.fi\/fi\/wp-json\/wp\/v2\/pages"}],"about":[{"href":"https:\/\/marvikenmarine.fi\/fi\/wp-json\/wp\/v2\/types\/page"}],"author":[{"embeddable":true,"href":"https:\/\/marvikenmarine.fi\/fi\/wp-json\/wp\/v2\/users\/1"}],"replies":[{"embeddable":true,"href":"https:\/\/marvikenmarine.fi\/fi\/wp-json\/wp\/v2\/comments?post=716"}],"version-history":[{"count":8,"href":"https:\/\/marvikenmarine.fi\/fi\/wp-json\/wp\/v2\/pages\/716\/revisions"}],"predecessor-version":[{"id":1107,"href":"https:\/\/marvikenmarine.fi\/fi\/wp-json\/wp\/v2\/pages\/716\/revisions\/1107"}],"wp:attachment":[{"href":"https:\/\/marvikenmarine.fi\/fi\/wp-json\/wp\/v2\/media?parent=716"}],"curies":[{"name":"wp","href":"https:\/\/api.w.org\/{rel}","templated":true}]}}